{"id":773,"date":"2023-10-20T10:28:22","date_gmt":"2023-10-20T08:28:22","guid":{"rendered":"https:\/\/www.cotoblau.com\/cotoblau-group\/"},"modified":"2023-10-20T10:34:55","modified_gmt":"2023-10-20T08:34:55","slug":"cotoblau-group","status":"publish","type":"page","link":"https:\/\/www.cotoblau.com\/en\/cotoblau-group\/","title":{"rendered":"COTOBLAU GROUP"},"content":{"rendered":"","protected":false},"excerpt":{"rendered":"","protected":false},"author":1,"featured_media":0,"parent":0,"menu_order":0,"comment_status":"closed","ping_status":"closed","template":"page-grupo.php","meta":{"footnotes":""},"yoast_head":"<!-- This site is optimized with the Yoast SEO plugin v18.6 - https:\/\/yoast.com\/wordpress\/plugins\/seo\/ -->\n<title>COTOBLAU GROUP - COTOBLAU<\/title>\n<meta name=\"description\" content=\"Desde nuestra entidad queremos dar un paso adelante e intentamos que cada a\u00f1o Cotoblau mantenga y mejore el esp\u00edritu de evoluci\u00f3n, innovaci\u00f3n y mejora continua con la finalidad de ofrecer a nuestros clientes un producto y servicio de calidad.\" \/>\n<meta name=\"robots\" content=\"index, follow, max-snippet:-1, max-image-preview:large, max-video-preview:-1\" \/>\n<link rel=\"canonical\" href=\"https:\/\/www.cotoblau.com\/en\/grupo-cotoblau\/\" \/>\n<meta property=\"og:locale\" content=\"en_US\" \/>\n<meta property=\"og:type\" content=\"article\" \/>\n<meta property=\"og:title\" content=\"COTOBLAU GROUP - COTOBLAU\" \/>\n<meta property=\"og:description\" content=\"Desde nuestra entidad queremos dar un paso adelante e intentamos que cada a\u00f1o Cotoblau mantenga y mejore el esp\u00edritu de evoluci\u00f3n, innovaci\u00f3n y mejora continua con la finalidad de ofrecer a nuestros clientes un producto y servicio de calidad.\" \/>\n<meta property=\"og:url\" content=\"https:\/\/www.cotoblau.com\/grupo-cotoblau\/\" \/>\n<meta property=\"og:site_name\" content=\"COTOBLAU\" \/>\n<meta property=\"article:modified_time\" content=\"2023-10-20T08:34:55+00:00\" \/>\n<meta name=\"twitter:card\" content=\"summary_large_image\" \/>\n<script type=\"application\/ld+json\" class=\"yoast-schema-graph\">{\"@context\":\"https:\/\/schema.org\",\"@graph\":[{\"@type\":\"WebSite\",\"@id\":\"https:\/\/www.cotoblau.com\/#website\",\"url\":\"https:\/\/www.cotoblau.com\/\",\"name\":\"COTOBLAU\",\"description\":\"Expertos en descanso sostenible y de calidad.\",\"potentialAction\":[{\"@type\":\"SearchAction\",\"target\":{\"@type\":\"EntryPoint\",\"urlTemplate\":\"https:\/\/www.cotoblau.com\/?s={search_term_string}\"},\"query-input\":\"required name=search_term_string\"}],\"inLanguage\":\"en-US\"},{\"@type\":\"WebPage\",\"@id\":\"https:\/\/www.cotoblau.com\/grupo-cotoblau\/#webpage\",\"url\":\"https:\/\/www.cotoblau.com\/grupo-cotoblau\/\",\"name\":\"COTOBLAU GROUP - COTOBLAU\",\"isPartOf\":{\"@id\":\"https:\/\/www.cotoblau.com\/#website\"},\"datePublished\":\"2023-10-20T08:28:22+00:00\",\"dateModified\":\"2023-10-20T08:34:55+00:00\",\"description\":\"Desde nuestra entidad queremos dar un paso adelante e intentamos que cada a\u00f1o Cotoblau mantenga y mejore el esp\u00edritu de evoluci\u00f3n, innovaci\u00f3n y mejora continua con la finalidad de ofrecer a nuestros clientes un producto y servicio de calidad.\",\"breadcrumb\":{\"@id\":\"https:\/\/www.cotoblau.com\/grupo-cotoblau\/#breadcrumb\"},\"inLanguage\":\"en-US\",\"potentialAction\":[{\"@type\":\"ReadAction\",\"target\":[\"https:\/\/www.cotoblau.com\/grupo-cotoblau\/\"]}]},{\"@type\":\"BreadcrumbList\",\"@id\":\"https:\/\/www.cotoblau.com\/grupo-cotoblau\/#breadcrumb\",\"itemListElement\":[{\"@type\":\"ListItem\",\"position\":1,\"name\":\"Portada\",\"item\":\"https:\/\/www.cotoblau.com\/\"},{\"@type\":\"ListItem\",\"position\":2,\"name\":\"COTOBLAU GROUP\"}]}]}<\/script>\n<!-- \/ Yoast SEO plugin. -->","yoast_head_json":{"title":"COTOBLAU GROUP - COTOBLAU","description":"Desde nuestra entidad queremos dar un paso adelante e intentamos que cada a\u00f1o Cotoblau mantenga y mejore el esp\u00edritu de evoluci\u00f3n, innovaci\u00f3n y mejora continua con la finalidad de ofrecer a nuestros clientes un producto y servicio de calidad.","robots":{"index":"index","follow":"follow","max-snippet":"max-snippet:-1","max-image-preview":"max-image-preview:large","max-video-preview":"max-video-preview:-1"},"canonical":"https:\/\/www.cotoblau.com\/en\/grupo-cotoblau\/","og_locale":"en_US","og_type":"article","og_title":"COTOBLAU GROUP - COTOBLAU","og_description":"Desde nuestra entidad queremos dar un paso adelante e intentamos que cada a\u00f1o Cotoblau mantenga y mejore el esp\u00edritu de evoluci\u00f3n, innovaci\u00f3n y mejora continua con la finalidad de ofrecer a nuestros clientes un producto y servicio de calidad.","og_url":"https:\/\/www.cotoblau.com\/grupo-cotoblau\/","og_site_name":"COTOBLAU","article_modified_time":"2023-10-20T08:34:55+00:00","twitter_card":"summary_large_image","schema":{"@context":"https:\/\/schema.org","@graph":[{"@type":"WebSite","@id":"https:\/\/www.cotoblau.com\/#website","url":"https:\/\/www.cotoblau.com\/","name":"COTOBLAU","description":"Expertos en descanso sostenible y de calidad.","potentialAction":[{"@type":"SearchAction","target":{"@type":"EntryPoint","urlTemplate":"https:\/\/www.cotoblau.com\/?s={search_term_string}"},"query-input":"required name=search_term_string"}],"inLanguage":"en-US"},{"@type":"WebPage","@id":"https:\/\/www.cotoblau.com\/grupo-cotoblau\/#webpage","url":"https:\/\/www.cotoblau.com\/grupo-cotoblau\/","name":"COTOBLAU GROUP - COTOBLAU","isPartOf":{"@id":"https:\/\/www.cotoblau.com\/#website"},"datePublished":"2023-10-20T08:28:22+00:00","dateModified":"2023-10-20T08:34:55+00:00","description":"Desde nuestra entidad queremos dar un paso adelante e intentamos que cada a\u00f1o Cotoblau mantenga y mejore el esp\u00edritu de evoluci\u00f3n, innovaci\u00f3n y mejora continua con la finalidad de ofrecer a nuestros clientes un producto y servicio de calidad.","breadcrumb":{"@id":"https:\/\/www.cotoblau.com\/grupo-cotoblau\/#breadcrumb"},"inLanguage":"en-US","potentialAction":[{"@type":"ReadAction","target":["https:\/\/www.cotoblau.com\/grupo-cotoblau\/"]}]},{"@type":"BreadcrumbList","@id":"https:\/\/www.cotoblau.com\/grupo-cotoblau\/#breadcrumb","itemListElement":[{"@type":"ListItem","position":1,"name":"Portada","item":"https:\/\/www.cotoblau.com\/"},{"@type":"ListItem","position":2,"name":"COTOBLAU GROUP"}]}]}},"_links":{"self":[{"href":"https:\/\/www.cotoblau.com\/en\/wp-json\/wp\/v2\/pages\/773\/"}],"collection":[{"href":"https:\/\/www.cotoblau.com\/en\/wp-json\/wp\/v2\/pages\/"}],"about":[{"href":"https:\/\/www.cotoblau.com\/en\/wp-json\/wp\/v2\/types\/page\/"}],"author":[{"embeddable":true,"href":"https:\/\/www.cotoblau.com\/en\/wp-json\/wp\/v2\/users\/1\/"}],"replies":[{"embeddable":true,"href":"https:\/\/www.cotoblau.com\/en\/wp-json\/wp\/v2\/comments\/?post=773"}],"version-history":[{"count":1,"href":"https:\/\/www.cotoblau.com\/en\/wp-json\/wp\/v2\/pages\/773\/revisions\/"}],"predecessor-version":[{"id":774,"href":"https:\/\/www.cotoblau.com\/en\/wp-json\/wp\/v2\/pages\/773\/revisions\/774\/"}],"wp:attachment":[{"href":"https:\/\/www.cotoblau.com\/en\/wp-json\/wp\/v2\/media\/?parent=773"}],"curies":[{"name":"wp","href":"https:\/\/api.w.org\/{rel}","templated":true}]}}