{"id":939,"date":"2023-11-20T16:39:50","date_gmt":"2023-11-20T15:39:50","guid":{"rendered":"https:\/\/www.cotoblau.com\/?page_id=939"},"modified":"2023-11-21T15:59:22","modified_gmt":"2023-11-21T14:59:22","slug":"ethical-channel","status":"publish","type":"page","link":"https:\/\/www.cotoblau.com\/en\/ethical-channel\/","title":{"rendered":"Ethical channel"},"content":{"rendered":"<p>&nbsp;<\/p>\n<h1 class=\"tit-gsans-30-h3 institucional\">Ethical channel<\/h1>\n<p><strong><u>COTOBLAU Internal Reporting Channel and Internal Reporting System Policy<\/u><\/strong><\/p>\n<p>The Ethics Channel, as <strong>COTOBLAU S.A.<\/strong>&#8216;s internal information channel, is the preferred channel for communicating possible infractions committed in a work or professional context, in accordance with the provisions of Law 2\/2023, of 20 February, regulating the protection of people who report regulatory infractions and the fight against corruption.<\/p>\n<p>The aforementioned Channel is part of the <strong>Internal Information System (&#8220;SII&#8221;) of COTOBLAU S.A.<\/strong>, which is managed in accordance with the general principles established in our <strong>SII Policy<\/strong>, which can be consulted <a href=\"..\/?page_id=933\" target=\"_blank\" rel=\"noopener\">here<\/a>.<\/p>\n<p><strong><u>Communications to the Internal Information Channel of COTOBLAU S.A.<\/u><\/strong><\/p>\n<p>Communications may be made in any of the following ways:<\/p>\n<ol>\n<li><strong>Using the attached form<\/strong>.<\/li>\n<li>By sending a <strong>written communication to the attention of the person in charge of the Internal Information System of COTOBLAU S.A.<\/strong>, to the following postal address: COTOBLAU S.A. C\/ L&#8217;Agulla, 7 P.I. El Pla, Ontinyent 46870 (Valencia).<\/li>\n<li>At the informant&#8217;s request, made through any of the identified channels, the communication may also be submitted by requesting a face-to-face meeting with the Head of the Internal Information System.<\/li>\n<\/ol>\n<p>The communications received in the <strong>Internal Information Channel of COTOBLAU S.A.<\/strong> will be processed in a way that guarantees the confidentiality of the informant. <strong>Communications may be made anonymously<\/strong>.<\/p>\n<p><strong>ENTER THE DETAILS OF YOUR REPORT:<\/strong><\/p>\n<div class=\"wpforms-container wpforms-container-full wpforms-render-modern\" id=\"wpforms-993\"><form id=\"wpforms-form-993\" class=\"wpforms-validate wpforms-form wpforms-ajax-form\" data-formid=\"993\" method=\"post\" enctype=\"multipart\/form-data\" action=\"\/en\/wp-json\/wp\/v2\/pages\/939\/?wpforms_form_id=993\" data-token=\"26da34c139b79c1a60058abb6d5c30cb\"><noscript class=\"wpforms-error-noscript\">Please enable JavaScript in your browser to complete this form.<\/noscript><div class=\"wpforms-hidden\" id=\"wpforms-error-noscript\">Please enable JavaScript in your browser to complete this form.<\/div><div class=\"wpforms-field-container\"><div id=\"wpforms-993-field_1-container\" class=\"wpforms-field wpforms-field-layout\" data-field-id=\"1\"><label class=\"wpforms-field-label wpforms-label-hide\" for=\"wpforms-993-field_1\" aria-hidden=\"false\">Dise\u00f1o<\/label><div class=\"wpforms-field-layout-columns wpforms-field-layout-preset-50-50\"><div class=\"wpforms-layout-column wpforms-layout-column-50\"><div id=\"wpforms-993-field_2-container\" class=\"wpforms-field wpforms-field-select wpforms-field-select-style-modern\" data-field-id=\"2\"><label class=\"wpforms-field-label\" for=\"wpforms-993-field_2\">Relationship with Cotoblau, S.A. <span class=\"wpforms-required-label\" aria-hidden=\"true\">*<\/span><\/label><select id=\"wpforms-993-field_2\" class=\"wpforms-field-medium wpforms-field-required choicesjs-select\" data-size-class=\"wpforms-field-row wpforms-field-medium\" data-search-enabled=\"\" name=\"wpforms[fields][2]\" required=\"required\"><option value=\"\" class=\"placeholder\" disabled  selected='selected'>Working person<\/option><option value=\"Working person\" >Working person<\/option><option value=\"Client\" >Client<\/option><option value=\"Supplier\" >Supplier<\/option><option value=\"Others\" >Others<\/option><\/select><\/div><div id=\"wpforms-993-field_4-container\" class=\"wpforms-field wpforms-field-text\" data-field-id=\"4\"><label class=\"wpforms-field-label\" for=\"wpforms-993-field_4\">Name<\/label><input type=\"text\" id=\"wpforms-993-field_4\" class=\"wpforms-field-medium\" name=\"wpforms[fields][4]\" aria-errormessage=\"wpforms-993-field_4-error\" ><\/div><div id=\"wpforms-993-field_7-container\" class=\"wpforms-field wpforms-field-text\" data-field-id=\"7\"><label class=\"wpforms-field-label\" for=\"wpforms-993-field_7\">Email<\/label><input type=\"text\" id=\"wpforms-993-field_7\" class=\"wpforms-field-medium\" name=\"wpforms[fields][7]\" aria-errormessage=\"wpforms-993-field_7-error\" ><\/div><\/div><div class=\"wpforms-layout-column wpforms-layout-column-50\"><div id=\"wpforms-993-field_3-container\" class=\"wpforms-field wpforms-field-select wpforms-field-select-style-modern\" data-field-id=\"3\"><label class=\"wpforms-field-label\" for=\"wpforms-993-field_3\">Category of events <span class=\"wpforms-required-label\" aria-hidden=\"true\">*<\/span><\/label><select id=\"wpforms-993-field_3\" class=\"wpforms-field-medium wpforms-field-required choicesjs-select\" data-size-class=\"wpforms-field-row wpforms-field-medium\" data-search-enabled=\"\" name=\"wpforms[fields][3]\" required=\"required\"><option value=\"\" class=\"placeholder\" disabled  selected='selected'>Infringements of European Union law<\/option><option value=\"Infringements of European Union law\" >Infringements of European Union law<\/option><option value=\"Criminal or administrative offences\" >Criminal or administrative offences<\/option><option value=\"Harassment\" >Harassment<\/option><option value=\"Others\" >Others<\/option><\/select><\/div><div id=\"wpforms-993-field_5-container\" class=\"wpforms-field wpforms-field-text\" data-field-id=\"5\"><label class=\"wpforms-field-label\" for=\"wpforms-993-field_5\">Surnames<\/label><input type=\"text\" id=\"wpforms-993-field_5\" class=\"wpforms-field-medium\" name=\"wpforms[fields][5]\" aria-errormessage=\"wpforms-993-field_5-error\" ><\/div><div id=\"wpforms-993-field_6-container\" class=\"wpforms-field wpforms-field-phone\" data-field-id=\"6\"><label class=\"wpforms-field-label\" for=\"wpforms-993-field_6\">Phone<\/label><input type=\"tel\" id=\"wpforms-993-field_6\" class=\"wpforms-field-medium wpforms-smart-phone-field\" data-rule-smart-phone-field=\"true\" name=\"wpforms[fields][6]\" aria-errormessage=\"wpforms-993-field_6-error\" ><\/div><\/div><\/div><\/div><div id=\"wpforms-993-field_8-container\" class=\"wpforms-field wpforms-field-textarea\" data-field-id=\"8\"><label class=\"wpforms-field-label\" for=\"wpforms-993-field_8\">Reported facts <span class=\"wpforms-required-label\" aria-hidden=\"true\">*<\/span><\/label><textarea id=\"wpforms-993-field_8\" class=\"wpforms-field-medium wpforms-field-required\" name=\"wpforms[fields][8]\" aria-errormessage=\"wpforms-993-field_8-error\" required><\/textarea><\/div><div id=\"wpforms-993-field_9-container\" class=\"wpforms-field wpforms-field-text\" data-field-id=\"9\"><label class=\"wpforms-field-label\" for=\"wpforms-993-field_9\">Possible responsible persons<\/label><input type=\"text\" id=\"wpforms-993-field_9\" class=\"wpforms-field-medium\" name=\"wpforms[fields][9]\" aria-errormessage=\"wpforms-993-field_9-error\" ><\/div><div id=\"wpforms-993-field_10-container\" class=\"wpforms-field wpforms-field-file-upload\" data-field-id=\"10\"><label class=\"wpforms-field-label\" for=\"wpforms-993-field_10\">Attached documentation<\/label><input type=\"file\" id=\"wpforms-993-field_10\" data-rule-extension=\"pdf,doc,docx,xls,xlsx,jpg,mp3,mp4\" data-rule-maxsize=\"2097152\" name=\"wpforms_993_10\" accept=\".pdf,.doc,.docx,.xls,.xlsx,.jpg,.mp3,.mp4\" aria-errormessage=\"wpforms-993-field_10-error\" ><\/div><div id=\"wpforms-993-field_11-container\" class=\"wpforms-field wpforms-field-checkbox\" data-field-id=\"11\"><fieldset><legend class=\"wpforms-field-label wpforms-label-hide\" aria-hidden=\"false\">Terms and conditions <span class=\"wpforms-required-label\" aria-hidden=\"true\">*<\/span><\/legend><ul id=\"wpforms-993-field_11\" class=\"wpforms-field-required\"><li class=\"choice-1 depth-1\"><input type=\"checkbox\" id=\"wpforms-993-field_11_1\" name=\"wpforms[fields][11][]\" value=\"I accept the conditions mentioned below&lt;br&gt;&lt;br&gt;&quot;The personal data collected in this form will be processed by COTOBLAU S.A. in accordance with current legislation on data protection, for the sole purpose of investigating, processing and, where appropriate, resolving the potential breach communicated through the Ethical Channel. Sus datos no ser\u00e1n comunicados a terceros. Podr\u00e1 ejercer sus derechos de acceso, rectificaci\u00f3n, supresi\u00f3n, oposici\u00f3n y limitaci\u00f3n de tratamiento ante el responsable del tratamiento. Please remember that you should read the additional information on &lt;a rel=&quot;noopener&quot; target=&quot;_blank&quot; href=&quot;..\/?page_id=782&quot;&gt;data protection&lt;\/a&gt; before accepting&quot;.\" aria-errormessage=\"wpforms-993-field_11_1-error\" required ><label class=\"wpforms-field-label-inline\" for=\"wpforms-993-field_11_1\">I accept the conditions mentioned below<br><br>\"The personal data collected in this form will be processed by COTOBLAU S.A. in accordance with current legislation on data protection, for the sole purpose of investigating, processing and, where appropriate, resolving the potential breach communicated through the Ethical Channel. Sus datos no ser\u00e1n comunicados a terceros. Podr\u00e1 ejercer sus derechos de acceso, rectificaci\u00f3n, supresi\u00f3n, oposici\u00f3n y limitaci\u00f3n de tratamiento ante el responsable del tratamiento. Please remember that you should read the additional information on <a rel=\"noopener\" target=\"_blank\" href=\"..\/?page_id=782\">data protection<\/a> before accepting\".<\/label><\/li><\/ul><\/fieldset><\/div><\/div><!-- .wpforms-field-container --><div class=\"wpforms-recaptcha-container wpforms-is-recaptcha\" ><div class=\"g-recaptcha\" data-sitekey=\"6LdmJBcpAAAAAISYx-hdVH7sddOHftD2iXeMiyjb\"><\/div><input type=\"text\" name=\"g-recaptcha-hidden\" class=\"wpforms-recaptcha-hidden\" style=\"position:absolute!important;clip:rect(0,0,0,0)!important;height:1px!important;width:1px!important;border:0!important;overflow:hidden!important;padding:0!important;margin:0!important;\" data-rule-recaptcha=\"1\"><\/div><div class=\"wpforms-submit-container\" ><input type=\"hidden\" name=\"wpforms[id]\" value=\"993\"><input type=\"hidden\" name=\"wpforms[author]\" value=\"7\"><button type=\"submit\" name=\"wpforms[submit]\" id=\"wpforms-submit-993\" class=\"wpforms-submit\" data-alt-text=\"Sending...\" data-submit-text=\"Send\" aria-live=\"assertive\" value=\"wpforms-submit\">Send<\/button><img loading=\"lazy\" decoding=\"async\" src=\"https:\/\/www.cotoblau.com\/wp-content\/plugins\/wpforms\/assets\/images\/submit-spin.svg\" class=\"wpforms-submit-spinner\" style=\"display: none;\" width=\"26\" height=\"26\" alt=\"Loading\"><\/div><\/form><\/div>  <!-- .wpforms-container -->\n","protected":false},"excerpt":{"rendered":"<p>&nbsp; Ethical channel COTOBLAU Internal Reporting Channel and Internal Reporting System Policy The Ethics Channel, as COTOBLAU S.A.&#8216;s internal information channel, is the preferred channel for communicating possible infractions committed in a work or professional context, in accordance with the provisions of Law 2\/2023, of 20 February, regulating the protection of people who report regulatory [&hellip;]<\/p>\n","protected":false},"author":7,"featured_media":0,"parent":0,"menu_order":0,"comment_status":"closed","ping_status":"closed","template":"page-canal-etico.php","meta":{"footnotes":""},"yoast_head":"<!-- This site is optimized with the Yoast SEO plugin v18.6 - https:\/\/yoast.com\/wordpress\/plugins\/seo\/ -->\n<title>Ethical channel - COTOBLAU<\/title>\n<meta name=\"robots\" content=\"index, follow, max-snippet:-1, max-image-preview:large, max-video-preview:-1\" \/>\n<link rel=\"canonical\" href=\"https:\/\/www.cotoblau.com\/en\/ethical-channel\/\" \/>\n<meta property=\"og:locale\" content=\"en_US\" \/>\n<meta property=\"og:type\" content=\"article\" \/>\n<meta property=\"og:title\" content=\"Ethical channel - COTOBLAU\" \/>\n<meta property=\"og:description\" content=\"&nbsp; Ethical channel COTOBLAU Internal Reporting Channel and Internal Reporting System Policy The Ethics Channel, as COTOBLAU S.A.&#8216;s internal information channel, is the preferred channel for communicating possible infractions committed in a work or professional context, in accordance with the provisions of Law 2\/2023, of 20 February, regulating the protection of people who report regulatory [&hellip;]\" \/>\n<meta property=\"og:url\" content=\"https:\/\/www.cotoblau.com\/en\/ethical-channel\/\" \/>\n<meta property=\"og:site_name\" content=\"COTOBLAU\" \/>\n<meta property=\"article:modified_time\" content=\"2023-11-21T14:59:22+00:00\" \/>\n<meta name=\"twitter:card\" content=\"summary_large_image\" \/>\n<meta name=\"twitter:label1\" content=\"Est. reading time\" \/>\n\t<meta name=\"twitter:data1\" content=\"1 minute\" \/>\n<script type=\"application\/ld+json\" class=\"yoast-schema-graph\">{\"@context\":\"https:\/\/schema.org\",\"@graph\":[{\"@type\":\"WebSite\",\"@id\":\"https:\/\/www.cotoblau.com\/#website\",\"url\":\"https:\/\/www.cotoblau.com\/\",\"name\":\"COTOBLAU\",\"description\":\"Expertos en descanso sostenible y de calidad.\",\"potentialAction\":[{\"@type\":\"SearchAction\",\"target\":{\"@type\":\"EntryPoint\",\"urlTemplate\":\"https:\/\/www.cotoblau.com\/?s={search_term_string}\"},\"query-input\":\"required name=search_term_string\"}],\"inLanguage\":\"en-US\"},{\"@type\":\"WebPage\",\"@id\":\"https:\/\/www.cotoblau.com\/en\/ethical-channel\/#webpage\",\"url\":\"https:\/\/www.cotoblau.com\/en\/ethical-channel\/\",\"name\":\"Ethical channel - COTOBLAU\",\"isPartOf\":{\"@id\":\"https:\/\/www.cotoblau.com\/#website\"},\"datePublished\":\"2023-11-20T15:39:50+00:00\",\"dateModified\":\"2023-11-21T14:59:22+00:00\",\"breadcrumb\":{\"@id\":\"https:\/\/www.cotoblau.com\/en\/ethical-channel\/#breadcrumb\"},\"inLanguage\":\"en-US\",\"potentialAction\":[{\"@type\":\"ReadAction\",\"target\":[\"https:\/\/www.cotoblau.com\/en\/ethical-channel\/\"]}]},{\"@type\":\"BreadcrumbList\",\"@id\":\"https:\/\/www.cotoblau.com\/en\/ethical-channel\/#breadcrumb\",\"itemListElement\":[{\"@type\":\"ListItem\",\"position\":1,\"name\":\"Portada\",\"item\":\"https:\/\/www.cotoblau.com\/\"},{\"@type\":\"ListItem\",\"position\":2,\"name\":\"Ethical channel\"}]}]}<\/script>\n<!-- \/ Yoast SEO plugin. -->","yoast_head_json":{"title":"Ethical channel - COTOBLAU","robots":{"index":"index","follow":"follow","max-snippet":"max-snippet:-1","max-image-preview":"max-image-preview:large","max-video-preview":"max-video-preview:-1"},"canonical":"https:\/\/www.cotoblau.com\/en\/ethical-channel\/","og_locale":"en_US","og_type":"article","og_title":"Ethical channel - COTOBLAU","og_description":"&nbsp; Ethical channel COTOBLAU Internal Reporting Channel and Internal Reporting System Policy The Ethics Channel, as COTOBLAU S.A.&#8216;s internal information channel, is the preferred channel for communicating possible infractions committed in a work or professional context, in accordance with the provisions of Law 2\/2023, of 20 February, regulating the protection of people who report regulatory [&hellip;]","og_url":"https:\/\/www.cotoblau.com\/en\/ethical-channel\/","og_site_name":"COTOBLAU","article_modified_time":"2023-11-21T14:59:22+00:00","twitter_card":"summary_large_image","twitter_misc":{"Est. reading time":"1 minute"},"schema":{"@context":"https:\/\/schema.org","@graph":[{"@type":"WebSite","@id":"https:\/\/www.cotoblau.com\/#website","url":"https:\/\/www.cotoblau.com\/","name":"COTOBLAU","description":"Expertos en descanso sostenible y de calidad.","potentialAction":[{"@type":"SearchAction","target":{"@type":"EntryPoint","urlTemplate":"https:\/\/www.cotoblau.com\/?s={search_term_string}"},"query-input":"required name=search_term_string"}],"inLanguage":"en-US"},{"@type":"WebPage","@id":"https:\/\/www.cotoblau.com\/en\/ethical-channel\/#webpage","url":"https:\/\/www.cotoblau.com\/en\/ethical-channel\/","name":"Ethical channel - COTOBLAU","isPartOf":{"@id":"https:\/\/www.cotoblau.com\/#website"},"datePublished":"2023-11-20T15:39:50+00:00","dateModified":"2023-11-21T14:59:22+00:00","breadcrumb":{"@id":"https:\/\/www.cotoblau.com\/en\/ethical-channel\/#breadcrumb"},"inLanguage":"en-US","potentialAction":[{"@type":"ReadAction","target":["https:\/\/www.cotoblau.com\/en\/ethical-channel\/"]}]},{"@type":"BreadcrumbList","@id":"https:\/\/www.cotoblau.com\/en\/ethical-channel\/#breadcrumb","itemListElement":[{"@type":"ListItem","position":1,"name":"Portada","item":"https:\/\/www.cotoblau.com\/"},{"@type":"ListItem","position":2,"name":"Ethical channel"}]}]}},"_links":{"self":[{"href":"https:\/\/www.cotoblau.com\/en\/wp-json\/wp\/v2\/pages\/939\/"}],"collection":[{"href":"https:\/\/www.cotoblau.com\/en\/wp-json\/wp\/v2\/pages\/"}],"about":[{"href":"https:\/\/www.cotoblau.com\/en\/wp-json\/wp\/v2\/types\/page\/"}],"author":[{"embeddable":true,"href":"https:\/\/www.cotoblau.com\/en\/wp-json\/wp\/v2\/users\/7\/"}],"replies":[{"embeddable":true,"href":"https:\/\/www.cotoblau.com\/en\/wp-json\/wp\/v2\/comments\/?post=939"}],"version-history":[{"count":5,"href":"https:\/\/www.cotoblau.com\/en\/wp-json\/wp\/v2\/pages\/939\/revisions\/"}],"predecessor-version":[{"id":996,"href":"https:\/\/www.cotoblau.com\/en\/wp-json\/wp\/v2\/pages\/939\/revisions\/996\/"}],"wp:attachment":[{"href":"https:\/\/www.cotoblau.com\/en\/wp-json\/wp\/v2\/media\/?parent=939"}],"curies":[{"name":"wp","href":"https:\/\/api.w.org\/{rel}","templated":true}]}}