{"id":1045,"date":"2024-01-24T17:11:21","date_gmt":"2024-01-24T16:11:21","guid":{"rendered":"https:\/\/www.cotoblau.com\/?page_id=1045"},"modified":"2025-01-22T14:03:09","modified_gmt":"2025-01-22T13:03:09","slug":"politica-de-seguretat-cotoblau","status":"publish","type":"page","link":"https:\/\/www.cotoblau.com\/va\/politica-de-seguretat-cotoblau\/","title":{"rendered":"Pol\u00edtica de Seguretat"},"content":{"rendered":"<p>Som la primera ind\u00fastria t\u00e8xtil d&#8217;Espanya a aconseguir la certificaci\u00f3 AENOR de Sistemes de Gesti\u00f3 de Seguretat per a la Cadena de Subministrament d&#8217;acord amb la Norma ISO 28000 per a l&#8217;activitat de producci\u00f3 i distribuci\u00f3 de productes t\u00e8xtil per al descans. Baix la premissa d&#8217;oferir un producte d&#8217;alta qualitat, des dels nostres comen\u00e7aments Cotoblau utilitza en la seua confecci\u00f3 teixits d&#8217;alta qualitat, com el cot\u00f3 org\u00e0nic, aix\u00ed com tecnologies i tractaments capdavanters que ens permeten oferir productes espec\u00edfics anti\u00e0cars, antibacterians, ign\u00edfugs, transpirables o impermeables.<\/p>\n<p>Ac\u00ed el link a la not\u00edcia:<\/p>\n<h3 style=\"text-align: left;\"><a href=\"https:\/\/revista.aenor.com\/367\/cotoblau-logra-la-iso-28000.html\" target=\"_blank\" rel=\"noopener\">Cotoblau aconseguix la ISO 28000<\/a><\/h3>\n<\/p>\n<hr \/>\n<p><h3>Document de Pol\u00edtica de Seguretat:<\/h3>\n            <div class=\"embedpress-document-embed ose-document ep-doc-d7fcf3f3b136871a304a78937b86779c\" style=\"width: 600px;height: 550px; max-width:100%; display: block\">\n                                        <iframe title=\"01 POL SEG R2\" allowfullscreen=\"true\" mozallowfullscreen=\"true\" webkitallowfullscreen=\"true\" title=\"\" style=\"width: 600px;height: 550px; max-width:100%; display: inline-block\" data-emsrc=\"https:\/\/www.cotoblau.com\/wp-content\/uploads\/2025\/01\/01-POL-SEG-R2.pdf\" data-emid=\"embedpress-pdf-shortcode\" class=\"embedpress-embed-document-pdf embedpress-pdf-shortcode\" src=\"https:\/\/www.cotoblau.com\/wp-admin\/admin-ajax.php?action=get_viewer&amp;file=https%3A%2F%2Fwww.cotoblau.com%2Fwp-content%2Fuploads%2F2025%2F01%2F01-POL-SEG-R2.pdf#themeMode=default&amp;toolbar=true&amp;position=top&amp;presentation=true&amp;download=true&amp;copy_text=true&amp;add_text=true&amp;draw=true&amp;doc_rotation=true&amp;doc_details=true\" frameborder=\"0\"><\/iframe>\n                                <\/div>\n\n    \n","protected":false},"excerpt":{"rendered":"<p>Som la primera ind\u00fastria t\u00e8xtil d&#8217;Espanya a aconseguir la certificaci\u00f3 AENOR de Sistemes de Gesti\u00f3 de Seguretat per a la Cadena de Subministrament d&#8217;acord amb la Norma ISO 28000 per a l&#8217;activitat de producci\u00f3 i distribuci\u00f3 de productes t\u00e8xtil per al descans. Baix la premissa d&#8217;oferir un producte d&#8217;alta qualitat, des dels nostres comen\u00e7aments Cotoblau [&hellip;]<\/p>\n","protected":false},"author":7,"featured_media":0,"parent":0,"menu_order":0,"comment_status":"closed","ping_status":"closed","template":"page-canal-etico.php","meta":{"footnotes":""},"yoast_head":"<!-- This site is optimized with the Yoast SEO plugin v18.6 - https:\/\/yoast.com\/wordpress\/plugins\/seo\/ -->\n<title>Pol\u00edtica de Seguretat - COTOBLAU<\/title>\n<meta name=\"robots\" content=\"index, follow, max-snippet:-1, max-image-preview:large, max-video-preview:-1\" \/>\n<link rel=\"canonical\" href=\"https:\/\/www.cotoblau.com\/va\/politica-de-seguretat-cotoblau\/\" \/>\n<meta property=\"og:locale\" content=\"es_ES\" \/>\n<meta property=\"og:type\" content=\"article\" \/>\n<meta property=\"og:title\" content=\"Pol\u00edtica de Seguretat - COTOBLAU\" \/>\n<meta property=\"og:description\" content=\"Som la primera ind\u00fastria t\u00e8xtil d&#8217;Espanya a aconseguir la certificaci\u00f3 AENOR de Sistemes de Gesti\u00f3 de Seguretat per a la Cadena de Subministrament d&#8217;acord amb la Norma ISO 28000 per a l&#8217;activitat de producci\u00f3 i distribuci\u00f3 de productes t\u00e8xtil per al descans. Baix la premissa d&#8217;oferir un producte d&#8217;alta qualitat, des dels nostres comen\u00e7aments Cotoblau [&hellip;]\" \/>\n<meta property=\"og:url\" content=\"https:\/\/www.cotoblau.com\/va\/politica-de-seguretat-cotoblau\/\" \/>\n<meta property=\"og:site_name\" content=\"COTOBLAU\" \/>\n<meta property=\"article:modified_time\" content=\"2025-01-22T13:03:09+00:00\" \/>\n<meta name=\"twitter:card\" content=\"summary_large_image\" \/>\n<meta name=\"twitter:label1\" content=\"Est. reading time\" \/>\n\t<meta name=\"twitter:data1\" content=\"1 minute\" \/>\n<script type=\"application\/ld+json\" class=\"yoast-schema-graph\">{\"@context\":\"https:\/\/schema.org\",\"@graph\":[{\"@type\":\"WebSite\",\"@id\":\"https:\/\/www.cotoblau.com\/#website\",\"url\":\"https:\/\/www.cotoblau.com\/\",\"name\":\"COTOBLAU\",\"description\":\"Expertos en descanso sostenible y de calidad.\",\"potentialAction\":[{\"@type\":\"SearchAction\",\"target\":{\"@type\":\"EntryPoint\",\"urlTemplate\":\"https:\/\/www.cotoblau.com\/?s={search_term_string}\"},\"query-input\":\"required name=search_term_string\"}],\"inLanguage\":\"es-VA\"},{\"@type\":\"WebPage\",\"@id\":\"https:\/\/www.cotoblau.com\/va\/politica-de-seguretat-cotoblau\/#webpage\",\"url\":\"https:\/\/www.cotoblau.com\/va\/politica-de-seguretat-cotoblau\/\",\"name\":\"Pol\u00edtica de Seguretat - COTOBLAU\",\"isPartOf\":{\"@id\":\"https:\/\/www.cotoblau.com\/#website\"},\"datePublished\":\"2024-01-24T16:11:21+00:00\",\"dateModified\":\"2025-01-22T13:03:09+00:00\",\"breadcrumb\":{\"@id\":\"https:\/\/www.cotoblau.com\/va\/politica-de-seguretat-cotoblau\/#breadcrumb\"},\"inLanguage\":\"es-VA\",\"potentialAction\":[{\"@type\":\"ReadAction\",\"target\":[\"https:\/\/www.cotoblau.com\/va\/politica-de-seguretat-cotoblau\/\"]}]},{\"@type\":\"BreadcrumbList\",\"@id\":\"https:\/\/www.cotoblau.com\/va\/politica-de-seguretat-cotoblau\/#breadcrumb\",\"itemListElement\":[{\"@type\":\"ListItem\",\"position\":1,\"name\":\"Portada\",\"item\":\"https:\/\/www.cotoblau.com\/\"},{\"@type\":\"ListItem\",\"position\":2,\"name\":\"Pol\u00edtica de Seguretat\"}]}]}<\/script>\n<!-- \/ Yoast SEO plugin. -->","yoast_head_json":{"title":"Pol\u00edtica de Seguretat - COTOBLAU","robots":{"index":"index","follow":"follow","max-snippet":"max-snippet:-1","max-image-preview":"max-image-preview:large","max-video-preview":"max-video-preview:-1"},"canonical":"https:\/\/www.cotoblau.com\/va\/politica-de-seguretat-cotoblau\/","og_locale":"es_ES","og_type":"article","og_title":"Pol\u00edtica de Seguretat - COTOBLAU","og_description":"Som la primera ind\u00fastria t\u00e8xtil d&#8217;Espanya a aconseguir la certificaci\u00f3 AENOR de Sistemes de Gesti\u00f3 de Seguretat per a la Cadena de Subministrament d&#8217;acord amb la Norma ISO 28000 per a l&#8217;activitat de producci\u00f3 i distribuci\u00f3 de productes t\u00e8xtil per al descans. Baix la premissa d&#8217;oferir un producte d&#8217;alta qualitat, des dels nostres comen\u00e7aments Cotoblau [&hellip;]","og_url":"https:\/\/www.cotoblau.com\/va\/politica-de-seguretat-cotoblau\/","og_site_name":"COTOBLAU","article_modified_time":"2025-01-22T13:03:09+00:00","twitter_card":"summary_large_image","twitter_misc":{"Est. reading time":"1 minute"},"schema":{"@context":"https:\/\/schema.org","@graph":[{"@type":"WebSite","@id":"https:\/\/www.cotoblau.com\/#website","url":"https:\/\/www.cotoblau.com\/","name":"COTOBLAU","description":"Expertos en descanso sostenible y de calidad.","potentialAction":[{"@type":"SearchAction","target":{"@type":"EntryPoint","urlTemplate":"https:\/\/www.cotoblau.com\/?s={search_term_string}"},"query-input":"required name=search_term_string"}],"inLanguage":"es-VA"},{"@type":"WebPage","@id":"https:\/\/www.cotoblau.com\/va\/politica-de-seguretat-cotoblau\/#webpage","url":"https:\/\/www.cotoblau.com\/va\/politica-de-seguretat-cotoblau\/","name":"Pol\u00edtica de Seguretat - COTOBLAU","isPartOf":{"@id":"https:\/\/www.cotoblau.com\/#website"},"datePublished":"2024-01-24T16:11:21+00:00","dateModified":"2025-01-22T13:03:09+00:00","breadcrumb":{"@id":"https:\/\/www.cotoblau.com\/va\/politica-de-seguretat-cotoblau\/#breadcrumb"},"inLanguage":"es-VA","potentialAction":[{"@type":"ReadAction","target":["https:\/\/www.cotoblau.com\/va\/politica-de-seguretat-cotoblau\/"]}]},{"@type":"BreadcrumbList","@id":"https:\/\/www.cotoblau.com\/va\/politica-de-seguretat-cotoblau\/#breadcrumb","itemListElement":[{"@type":"ListItem","position":1,"name":"Portada","item":"https:\/\/www.cotoblau.com\/"},{"@type":"ListItem","position":2,"name":"Pol\u00edtica de Seguretat"}]}]}},"_links":{"self":[{"href":"https:\/\/www.cotoblau.com\/va\/wp-json\/wp\/v2\/pages\/1045\/"}],"collection":[{"href":"https:\/\/www.cotoblau.com\/va\/wp-json\/wp\/v2\/pages\/"}],"about":[{"href":"https:\/\/www.cotoblau.com\/va\/wp-json\/wp\/v2\/types\/page\/"}],"author":[{"embeddable":true,"href":"https:\/\/www.cotoblau.com\/va\/wp-json\/wp\/v2\/users\/7\/"}],"replies":[{"embeddable":true,"href":"https:\/\/www.cotoblau.com\/va\/wp-json\/wp\/v2\/comments\/?post=1045"}],"version-history":[{"count":4,"href":"https:\/\/www.cotoblau.com\/va\/wp-json\/wp\/v2\/pages\/1045\/revisions\/"}],"predecessor-version":[{"id":1144,"href":"https:\/\/www.cotoblau.com\/va\/wp-json\/wp\/v2\/pages\/1045\/revisions\/1144\/"}],"wp:attachment":[{"href":"https:\/\/www.cotoblau.com\/va\/wp-json\/wp\/v2\/media\/?parent=1045"}],"curies":[{"name":"wp","href":"https:\/\/api.w.org\/{rel}","templated":true}]}}