{"id":786,"date":"2023-10-20T10:56:31","date_gmt":"2023-10-20T08:56:31","guid":{"rendered":"https:\/\/www.cotoblau.com\/politica-de-cookies\/"},"modified":"2023-11-21T09:35:57","modified_gmt":"2023-11-21T08:35:57","slug":"politica-de-cookies","status":"publish","type":"page","link":"https:\/\/www.cotoblau.com\/va\/politica-cookies\/","title":{"rendered":"Pol\u00edtica de cookies"},"content":{"rendered":"<p>1.- OBJECTE DE LA POL\u00cdTICA DE COOKIES<\/p>\n<p>En compliment del que s&#8217;estableix en l&#8217;article 22 de la llei 34\/2022, d&#8217;11 de juliol, de serveis de la Societat de la Informaci\u00f3 i Comer\u00e7 Electr\u00f2nic, este document t\u00e9 per objecte informar-lo de la pol\u00edtica d&#8217;\u00fas de dispositius d&#8217;emmagatzematge recuperaci\u00f3 de dades en equips terminals (d&#8217;ara en avant cookies) per part de COTOBLAU, S. A. en la seua condici\u00f3 de prestador de serveis de la societat de la informaci\u00f3 a trav\u00e9s d&#8217;este lloc web amb la finalitat que pugues decidir si autoritzes o no l&#8217;\u00fas de cookies en els equips terminals que utilitzes en la teua navegaci\u00f3 a trav\u00e9s del lloc web.<\/p>\n<p>2.- QU\u00c8 S\u00d3N LES COOKIES?<\/p>\n<p>Les cookies s\u00f3n xicotets fitxers d&#8217;informaci\u00f3 que un servidor web desc\u00e0rrega i emmagatzema en el teu equip de navegaci\u00f3 (ordinador, m\u00f2bil, etc.) en accedir a determinades p\u00e0gines web, i que permeten comparar i entendre com els usuaris naveguen a trav\u00e9s de determinades p\u00e0gines web. Per aix\u00f2, les cookies poden emmagatzemar i recuperar informaci\u00f3 sobre el proc\u00e9s de navegaci\u00f3, amb la finalitat d&#8217;entendre millor la manera en qu\u00e8 s&#8217;usa una p\u00e0gina web i millorar aix\u00ed el proc\u00e9s de navegaci\u00f3.<br \/>\nLes cookies ens indiquen, per exemple, el temps de connexi\u00f3 a internet o si la nostra p\u00e0gina web ha sigut visitada amb anterioritat. S&#8217;utilitzen tamb\u00e9 per a comptabilitzar el nombre de visites, la qual cosa permet realitzar an\u00e0lisis estad\u00edstiques an\u00f2nims per a millorar el nostre servei.<br \/>\nLes cookies s\u00f3n enviades al nostre servidor cada vegada que entres en el nostre lloc web. No obstant aix\u00f2, amb car\u00e0cter general les cookies no poden llegir dades emmagatzemades en el teu equip ni llegir els arxius cookies creats per altres prove\u00efdors.<\/p>\n","protected":false},"excerpt":{"rendered":"<p>1.- OBJECTE DE LA POL\u00cdTICA DE COOKIES En compliment del que s&#8217;estableix en l&#8217;article 22 de la llei 34\/2022, d&#8217;11 de juliol, de serveis de la Societat de la Informaci\u00f3 i Comer\u00e7 Electr\u00f2nic, este document t\u00e9 per objecte informar-lo de la pol\u00edtica d&#8217;\u00fas de dispositius d&#8217;emmagatzematge recuperaci\u00f3 de dades en equips terminals (d&#8217;ara en avant [&hellip;]<\/p>\n","protected":false},"author":1,"featured_media":0,"parent":0,"menu_order":0,"comment_status":"closed","ping_status":"closed","template":"page-institucional.php","meta":{"footnotes":""},"yoast_head":"<!-- This site is optimized with the Yoast SEO plugin v18.6 - https:\/\/yoast.com\/wordpress\/plugins\/seo\/ -->\n<title>Pol\u00edtica de cookies - COTOBLAU<\/title>\n<meta name=\"robots\" content=\"index, follow, max-snippet:-1, max-image-preview:large, max-video-preview:-1\" \/>\n<link rel=\"canonical\" href=\"https:\/\/www.cotoblau.com\/va\/politica-cookies\/\" \/>\n<meta property=\"og:locale\" content=\"es_ES\" \/>\n<meta property=\"og:type\" content=\"article\" \/>\n<meta property=\"og:title\" content=\"Pol\u00edtica de cookies - COTOBLAU\" \/>\n<meta property=\"og:description\" content=\"1.- OBJECTE DE LA POL\u00cdTICA DE COOKIES En compliment del que s&#8217;estableix en l&#8217;article 22 de la llei 34\/2022, d&#8217;11 de juliol, de serveis de la Societat de la Informaci\u00f3 i Comer\u00e7 Electr\u00f2nic, este document t\u00e9 per objecte informar-lo de la pol\u00edtica d&#8217;\u00fas de dispositius d&#8217;emmagatzematge recuperaci\u00f3 de dades en equips terminals (d&#8217;ara en avant [&hellip;]\" \/>\n<meta property=\"og:url\" content=\"https:\/\/www.cotoblau.com\/va\/politica-cookies\/\" \/>\n<meta property=\"og:site_name\" content=\"COTOBLAU\" \/>\n<meta property=\"article:modified_time\" content=\"2023-11-21T08:35:57+00:00\" \/>\n<meta name=\"twitter:card\" content=\"summary_large_image\" \/>\n<meta name=\"twitter:label1\" content=\"Est. reading time\" \/>\n\t<meta name=\"twitter:data1\" content=\"2 minutes\" \/>\n<script type=\"application\/ld+json\" class=\"yoast-schema-graph\">{\"@context\":\"https:\/\/schema.org\",\"@graph\":[{\"@type\":\"WebSite\",\"@id\":\"https:\/\/www.cotoblau.com\/#website\",\"url\":\"https:\/\/www.cotoblau.com\/\",\"name\":\"COTOBLAU\",\"description\":\"Expertos en descanso sostenible y de calidad.\",\"potentialAction\":[{\"@type\":\"SearchAction\",\"target\":{\"@type\":\"EntryPoint\",\"urlTemplate\":\"https:\/\/www.cotoblau.com\/?s={search_term_string}\"},\"query-input\":\"required name=search_term_string\"}],\"inLanguage\":\"es-VA\"},{\"@type\":\"WebPage\",\"@id\":\"https:\/\/www.cotoblau.com\/va\/politica-cookies\/#webpage\",\"url\":\"https:\/\/www.cotoblau.com\/va\/politica-cookies\/\",\"name\":\"Pol\u00edtica de cookies - COTOBLAU\",\"isPartOf\":{\"@id\":\"https:\/\/www.cotoblau.com\/#website\"},\"datePublished\":\"2023-10-20T08:56:31+00:00\",\"dateModified\":\"2023-11-21T08:35:57+00:00\",\"breadcrumb\":{\"@id\":\"https:\/\/www.cotoblau.com\/va\/politica-cookies\/#breadcrumb\"},\"inLanguage\":\"es-VA\",\"potentialAction\":[{\"@type\":\"ReadAction\",\"target\":[\"https:\/\/www.cotoblau.com\/va\/politica-cookies\/\"]}]},{\"@type\":\"BreadcrumbList\",\"@id\":\"https:\/\/www.cotoblau.com\/va\/politica-cookies\/#breadcrumb\",\"itemListElement\":[{\"@type\":\"ListItem\",\"position\":1,\"name\":\"Portada\",\"item\":\"https:\/\/www.cotoblau.com\/\"},{\"@type\":\"ListItem\",\"position\":2,\"name\":\"Pol\u00edtica de cookies\"}]}]}<\/script>\n<!-- \/ Yoast SEO plugin. -->","yoast_head_json":{"title":"Pol\u00edtica de cookies - COTOBLAU","robots":{"index":"index","follow":"follow","max-snippet":"max-snippet:-1","max-image-preview":"max-image-preview:large","max-video-preview":"max-video-preview:-1"},"canonical":"https:\/\/www.cotoblau.com\/va\/politica-cookies\/","og_locale":"es_ES","og_type":"article","og_title":"Pol\u00edtica de cookies - COTOBLAU","og_description":"1.- OBJECTE DE LA POL\u00cdTICA DE COOKIES En compliment del que s&#8217;estableix en l&#8217;article 22 de la llei 34\/2022, d&#8217;11 de juliol, de serveis de la Societat de la Informaci\u00f3 i Comer\u00e7 Electr\u00f2nic, este document t\u00e9 per objecte informar-lo de la pol\u00edtica d&#8217;\u00fas de dispositius d&#8217;emmagatzematge recuperaci\u00f3 de dades en equips terminals (d&#8217;ara en avant [&hellip;]","og_url":"https:\/\/www.cotoblau.com\/va\/politica-cookies\/","og_site_name":"COTOBLAU","article_modified_time":"2023-11-21T08:35:57+00:00","twitter_card":"summary_large_image","twitter_misc":{"Est. reading time":"2 minutes"},"schema":{"@context":"https:\/\/schema.org","@graph":[{"@type":"WebSite","@id":"https:\/\/www.cotoblau.com\/#website","url":"https:\/\/www.cotoblau.com\/","name":"COTOBLAU","description":"Expertos en descanso sostenible y de calidad.","potentialAction":[{"@type":"SearchAction","target":{"@type":"EntryPoint","urlTemplate":"https:\/\/www.cotoblau.com\/?s={search_term_string}"},"query-input":"required name=search_term_string"}],"inLanguage":"es-VA"},{"@type":"WebPage","@id":"https:\/\/www.cotoblau.com\/va\/politica-cookies\/#webpage","url":"https:\/\/www.cotoblau.com\/va\/politica-cookies\/","name":"Pol\u00edtica de cookies - COTOBLAU","isPartOf":{"@id":"https:\/\/www.cotoblau.com\/#website"},"datePublished":"2023-10-20T08:56:31+00:00","dateModified":"2023-11-21T08:35:57+00:00","breadcrumb":{"@id":"https:\/\/www.cotoblau.com\/va\/politica-cookies\/#breadcrumb"},"inLanguage":"es-VA","potentialAction":[{"@type":"ReadAction","target":["https:\/\/www.cotoblau.com\/va\/politica-cookies\/"]}]},{"@type":"BreadcrumbList","@id":"https:\/\/www.cotoblau.com\/va\/politica-cookies\/#breadcrumb","itemListElement":[{"@type":"ListItem","position":1,"name":"Portada","item":"https:\/\/www.cotoblau.com\/"},{"@type":"ListItem","position":2,"name":"Pol\u00edtica de cookies"}]}]}},"_links":{"self":[{"href":"https:\/\/www.cotoblau.com\/va\/wp-json\/wp\/v2\/pages\/786\/"}],"collection":[{"href":"https:\/\/www.cotoblau.com\/va\/wp-json\/wp\/v2\/pages\/"}],"about":[{"href":"https:\/\/www.cotoblau.com\/va\/wp-json\/wp\/v2\/types\/page\/"}],"author":[{"embeddable":true,"href":"https:\/\/www.cotoblau.com\/va\/wp-json\/wp\/v2\/users\/1\/"}],"replies":[{"embeddable":true,"href":"https:\/\/www.cotoblau.com\/va\/wp-json\/wp\/v2\/comments\/?post=786"}],"version-history":[{"count":3,"href":"https:\/\/www.cotoblau.com\/va\/wp-json\/wp\/v2\/pages\/786\/revisions\/"}],"predecessor-version":[{"id":947,"href":"https:\/\/www.cotoblau.com\/va\/wp-json\/wp\/v2\/pages\/786\/revisions\/947\/"}],"wp:attachment":[{"href":"https:\/\/www.cotoblau.com\/va\/wp-json\/wp\/v2\/media\/?parent=786"}],"curies":[{"name":"wp","href":"https:\/\/api.w.org\/{rel}","templated":true}]}}