{"id":788,"date":"2023-10-20T10:56:52","date_gmt":"2023-10-20T08:56:52","guid":{"rendered":"https:\/\/www.cotoblau.com\/grupo-cotoblaugrup-cotoblau\/"},"modified":"2023-10-23T13:13:39","modified_gmt":"2023-10-23T11:13:39","slug":"grupo-cotoblaugrup-cotoblau","status":"publish","type":"page","link":"https:\/\/www.cotoblau.com\/va\/grup-cotoblau\/","title":{"rendered":"GRUP COTOBLAU"},"content":{"rendered":"","protected":false},"excerpt":{"rendered":"","protected":false},"author":1,"featured_media":0,"parent":0,"menu_order":0,"comment_status":"closed","ping_status":"closed","template":"page-grupo.php","meta":{"footnotes":""},"yoast_head":"<!-- This site is optimized with the Yoast SEO plugin v18.6 - https:\/\/yoast.com\/wordpress\/plugins\/seo\/ -->\n<title>GRUP COTOBLAU - COTOBLAU<\/title>\n<meta name=\"description\" content=\"Des de la nostra entitat volem fer un pas endavant i intentem que cada any Cotoblau mantingui i millori l&#039;esperit d&#039;evoluci\u00f3, innovaci\u00f3 i millora cont\u00ednua amb la finalitat d&#039;oferir als nostres clients un producte i un servei de qualitat.\" \/>\n<meta name=\"robots\" content=\"index, follow, max-snippet:-1, max-image-preview:large, max-video-preview:-1\" \/>\n<link rel=\"canonical\" href=\"https:\/\/www.cotoblau.com\/va\/grup-cotoblau\/\" \/>\n<meta property=\"og:locale\" content=\"es_ES\" \/>\n<meta property=\"og:type\" content=\"article\" \/>\n<meta property=\"og:title\" content=\"GRUP COTOBLAU - COTOBLAU\" \/>\n<meta property=\"og:description\" content=\"Des de la nostra entitat volem fer un pas endavant i intentem que cada any Cotoblau mantingui i millori l&#039;esperit d&#039;evoluci\u00f3, innovaci\u00f3 i millora cont\u00ednua amb la finalitat d&#039;oferir als nostres clients un producte i un servei de qualitat.\" \/>\n<meta property=\"og:url\" content=\"https:\/\/www.cotoblau.com\/va\/grup-cotoblau\/\" \/>\n<meta property=\"og:site_name\" content=\"COTOBLAU\" \/>\n<meta property=\"article:modified_time\" content=\"2023-10-23T11:13:39+00:00\" \/>\n<meta name=\"twitter:card\" content=\"summary_large_image\" \/>\n<script type=\"application\/ld+json\" class=\"yoast-schema-graph\">{\"@context\":\"https:\/\/schema.org\",\"@graph\":[{\"@type\":\"WebSite\",\"@id\":\"https:\/\/www.cotoblau.com\/#website\",\"url\":\"https:\/\/www.cotoblau.com\/\",\"name\":\"COTOBLAU\",\"description\":\"Expertos en descanso sostenible y de calidad.\",\"potentialAction\":[{\"@type\":\"SearchAction\",\"target\":{\"@type\":\"EntryPoint\",\"urlTemplate\":\"https:\/\/www.cotoblau.com\/?s={search_term_string}\"},\"query-input\":\"required name=search_term_string\"}],\"inLanguage\":\"es-VA\"},{\"@type\":\"WebPage\",\"@id\":\"https:\/\/www.cotoblau.com\/va\/grup-cotoblau\/#webpage\",\"url\":\"https:\/\/www.cotoblau.com\/va\/grup-cotoblau\/\",\"name\":\"GRUP COTOBLAU - COTOBLAU\",\"isPartOf\":{\"@id\":\"https:\/\/www.cotoblau.com\/#website\"},\"datePublished\":\"2023-10-20T08:56:52+00:00\",\"dateModified\":\"2023-10-23T11:13:39+00:00\",\"description\":\"Des de la nostra entitat volem fer un pas endavant i intentem que cada any Cotoblau mantingui i millori l'esperit d'evoluci\u00f3, innovaci\u00f3 i millora cont\u00ednua amb la finalitat d'oferir als nostres clients un producte i un servei de qualitat.\",\"breadcrumb\":{\"@id\":\"https:\/\/www.cotoblau.com\/va\/grup-cotoblau\/#breadcrumb\"},\"inLanguage\":\"es-VA\",\"potentialAction\":[{\"@type\":\"ReadAction\",\"target\":[\"https:\/\/www.cotoblau.com\/va\/grup-cotoblau\/\"]}]},{\"@type\":\"BreadcrumbList\",\"@id\":\"https:\/\/www.cotoblau.com\/va\/grup-cotoblau\/#breadcrumb\",\"itemListElement\":[{\"@type\":\"ListItem\",\"position\":1,\"name\":\"Portada\",\"item\":\"https:\/\/www.cotoblau.com\/\"},{\"@type\":\"ListItem\",\"position\":2,\"name\":\"GRUP COTOBLAU\"}]}]}<\/script>\n<!-- \/ Yoast SEO plugin. -->","yoast_head_json":{"title":"GRUP COTOBLAU - COTOBLAU","description":"Des de la nostra entitat volem fer un pas endavant i intentem que cada any Cotoblau mantingui i millori l'esperit d'evoluci\u00f3, innovaci\u00f3 i millora cont\u00ednua amb la finalitat d'oferir als nostres clients un producte i un servei de qualitat.","robots":{"index":"index","follow":"follow","max-snippet":"max-snippet:-1","max-image-preview":"max-image-preview:large","max-video-preview":"max-video-preview:-1"},"canonical":"https:\/\/www.cotoblau.com\/va\/grup-cotoblau\/","og_locale":"es_ES","og_type":"article","og_title":"GRUP COTOBLAU - COTOBLAU","og_description":"Des de la nostra entitat volem fer un pas endavant i intentem que cada any Cotoblau mantingui i millori l'esperit d'evoluci\u00f3, innovaci\u00f3 i millora cont\u00ednua amb la finalitat d'oferir als nostres clients un producte i un servei de qualitat.","og_url":"https:\/\/www.cotoblau.com\/va\/grup-cotoblau\/","og_site_name":"COTOBLAU","article_modified_time":"2023-10-23T11:13:39+00:00","twitter_card":"summary_large_image","schema":{"@context":"https:\/\/schema.org","@graph":[{"@type":"WebSite","@id":"https:\/\/www.cotoblau.com\/#website","url":"https:\/\/www.cotoblau.com\/","name":"COTOBLAU","description":"Expertos en descanso sostenible y de calidad.","potentialAction":[{"@type":"SearchAction","target":{"@type":"EntryPoint","urlTemplate":"https:\/\/www.cotoblau.com\/?s={search_term_string}"},"query-input":"required name=search_term_string"}],"inLanguage":"es-VA"},{"@type":"WebPage","@id":"https:\/\/www.cotoblau.com\/va\/grup-cotoblau\/#webpage","url":"https:\/\/www.cotoblau.com\/va\/grup-cotoblau\/","name":"GRUP COTOBLAU - COTOBLAU","isPartOf":{"@id":"https:\/\/www.cotoblau.com\/#website"},"datePublished":"2023-10-20T08:56:52+00:00","dateModified":"2023-10-23T11:13:39+00:00","description":"Des de la nostra entitat volem fer un pas endavant i intentem que cada any Cotoblau mantingui i millori l'esperit d'evoluci\u00f3, innovaci\u00f3 i millora cont\u00ednua amb la finalitat d'oferir als nostres clients un producte i un servei de qualitat.","breadcrumb":{"@id":"https:\/\/www.cotoblau.com\/va\/grup-cotoblau\/#breadcrumb"},"inLanguage":"es-VA","potentialAction":[{"@type":"ReadAction","target":["https:\/\/www.cotoblau.com\/va\/grup-cotoblau\/"]}]},{"@type":"BreadcrumbList","@id":"https:\/\/www.cotoblau.com\/va\/grup-cotoblau\/#breadcrumb","itemListElement":[{"@type":"ListItem","position":1,"name":"Portada","item":"https:\/\/www.cotoblau.com\/"},{"@type":"ListItem","position":2,"name":"GRUP COTOBLAU"}]}]}},"_links":{"self":[{"href":"https:\/\/www.cotoblau.com\/va\/wp-json\/wp\/v2\/pages\/788\/"}],"collection":[{"href":"https:\/\/www.cotoblau.com\/va\/wp-json\/wp\/v2\/pages\/"}],"about":[{"href":"https:\/\/www.cotoblau.com\/va\/wp-json\/wp\/v2\/types\/page\/"}],"author":[{"embeddable":true,"href":"https:\/\/www.cotoblau.com\/va\/wp-json\/wp\/v2\/users\/1\/"}],"replies":[{"embeddable":true,"href":"https:\/\/www.cotoblau.com\/va\/wp-json\/wp\/v2\/comments\/?post=788"}],"version-history":[{"count":1,"href":"https:\/\/www.cotoblau.com\/va\/wp-json\/wp\/v2\/pages\/788\/revisions\/"}],"predecessor-version":[{"id":874,"href":"https:\/\/www.cotoblau.com\/va\/wp-json\/wp\/v2\/pages\/788\/revisions\/874\/"}],"wp:attachment":[{"href":"https:\/\/www.cotoblau.com\/va\/wp-json\/wp\/v2\/media\/?parent=788"}],"curies":[{"name":"wp","href":"https:\/\/api.w.org\/{rel}","templated":true}]}}