{"id":791,"date":"2023-10-20T10:58:54","date_gmt":"2023-10-20T08:58:54","guid":{"rendered":"https:\/\/www.cotoblau.com\/avis-legal\/"},"modified":"2023-10-20T15:33:30","modified_gmt":"2023-10-20T13:33:30","slug":"avis-legal","status":"publish","type":"page","link":"https:\/\/www.cotoblau.com\/va\/avis-legal\/","title":{"rendered":"Av\u00eds legal"},"content":{"rendered":"<p>En COTOBLAU, S. A. estem compromesos amb el respecte a la intimitat de l&#8217;usuari i per aix\u00f2 la nostra pol\u00edtica de protecci\u00f3 de les persones pel que fa al tractament de les seues dades personals, compleix amb el que s&#8217;estableix en la legislaci\u00f3 espanyola: Llei org\u00e0nica 15\/1999, de 13 de desembre, de Protecci\u00f3 de Dades de Car\u00e0cter Personal.<\/p>\n<p>D&#8217;acord amb el que es disposa en la Llei org\u00e0nica 15\/99, de 13 de desembre, de Protecci\u00f3 de Dades de Car\u00e0cter Personal (LOPD) i el Reial decret 1720\/2007, pel qual s&#8217;aprova el Reglament de Desenvolupament de la LOPD, l&#8217;informem que el subministrament de qualsevol dada de car\u00e0cter personal a trav\u00e9s dels diversos formularis o adre\u00e7a de correu d&#8217;esta p\u00e0gina web implica que Vost\u00e9 accepta i consent el tractament en els termes indicats en esta pol\u00edtica de privacitat.<\/p>\n<p>Les dades personals recollits seran objecte de tractament automatitzat i no automatitzat, i incorporats a un fitxer el responsable del qual \u00e9s COTOBLAU, S. A. amb domicili en C\/ Plantanova 18, Pol\u00edgon Industrial Oest, 46893 Alfarras\u00ed (Val\u00e8ncia). La recollida de les seues dades de car\u00e0cter personal t\u00e9 per finalitat poder contactar amb l&#8217;usuari, atendre i gestionar adequadament les seues consultes, comentaris, incid\u00e8ncies o suggeriments relacionats amb les activitats de COTOBLAU, S.A.<\/p>\n<p>Els drets d&#8217;acc\u00e9s, rectificaci\u00f3, oposici\u00f3 i cancel\u00b7laci\u00f3 podran ser exercitats per Vost\u00e9, i si \u00e9s el cas qui ho represente, mitjan\u00e7ant sol\u00b7licitud escrita i signada dirigida a COTOBLAU, S. A. Aquesta sol\u00b7licitud haur\u00e0 de contindre les seg\u00fcents dades: nom i cognoms de l&#8217;interessat, domicili a l&#8217;efecte de notificacions, fotoc\u00f2pia del Document Nacional d&#8217;Identitat, Passaport o document equivalent i petici\u00f3 en qu\u00e8 es concreta la sol\u00b7licitud. En el cas de representaci\u00f3, haur\u00e0 de provar-se la mateixa mitjan\u00e7ant document fefaent. Per favor, tinga en compte el procediment del Reial decret 1720\/2007, de 21 de desembre, en el seu article 25 a l&#8217;efecte d&#8217;exercir els seus drets. COTOBLAU, S. A. es compromet al compliment de la seua obligaci\u00f3 de secret de les dades de car\u00e0cter personal i del seu deure de guardar-los, i adoptar\u00e0 les mesures necess\u00e0ries per a evitar la seua alteraci\u00f3, p\u00e8rdua, tractament o acc\u00e9s no autoritzat, d&#8217;acord amb el que s&#8217;estableix pel Reial decret pel qual s&#8217;aprova el Reglament de desenvolupament de la Llei org\u00e0nica 15\/1999, de 13 de desembre, de protecci\u00f3 de dades de car\u00e0cter personal.<\/p>\n","protected":false},"excerpt":{"rendered":"<p>En COTOBLAU, S. A. estem compromesos amb el respecte a la intimitat de l&#8217;usuari i per aix\u00f2 la nostra pol\u00edtica de protecci\u00f3 de les persones pel que fa al tractament de les seues dades personals, compleix amb el que s&#8217;estableix en la legislaci\u00f3 espanyola: Llei org\u00e0nica 15\/1999, de 13 de desembre, de Protecci\u00f3 de Dades [&hellip;]<\/p>\n","protected":false},"author":1,"featured_media":0,"parent":0,"menu_order":0,"comment_status":"closed","ping_status":"closed","template":"page-institucional.php","meta":{"footnotes":""},"yoast_head":"<!-- This site is optimized with the Yoast SEO plugin v18.6 - https:\/\/yoast.com\/wordpress\/plugins\/seo\/ -->\n<title>Av\u00eds legal - COTOBLAU<\/title>\n<meta name=\"robots\" content=\"index, follow, max-snippet:-1, max-image-preview:large, max-video-preview:-1\" \/>\n<link rel=\"canonical\" href=\"https:\/\/www.cotoblau.com\/va\/avis-legal\/\" \/>\n<meta property=\"og:locale\" content=\"es_ES\" \/>\n<meta property=\"og:type\" content=\"article\" \/>\n<meta property=\"og:title\" content=\"Av\u00eds legal - COTOBLAU\" \/>\n<meta property=\"og:description\" content=\"En COTOBLAU, S. A. estem compromesos amb el respecte a la intimitat de l&#8217;usuari i per aix\u00f2 la nostra pol\u00edtica de protecci\u00f3 de les persones pel que fa al tractament de les seues dades personals, compleix amb el que s&#8217;estableix en la legislaci\u00f3 espanyola: Llei org\u00e0nica 15\/1999, de 13 de desembre, de Protecci\u00f3 de Dades [&hellip;]\" \/>\n<meta property=\"og:url\" content=\"https:\/\/www.cotoblau.com\/va\/avis-legal\/\" \/>\n<meta property=\"og:site_name\" content=\"COTOBLAU\" \/>\n<meta property=\"article:modified_time\" content=\"2023-10-20T13:33:30+00:00\" \/>\n<meta name=\"twitter:card\" content=\"summary_large_image\" \/>\n<meta name=\"twitter:label1\" content=\"Est. reading time\" \/>\n\t<meta name=\"twitter:data1\" content=\"2 minutes\" \/>\n<script type=\"application\/ld+json\" class=\"yoast-schema-graph\">{\"@context\":\"https:\/\/schema.org\",\"@graph\":[{\"@type\":\"WebSite\",\"@id\":\"https:\/\/www.cotoblau.com\/#website\",\"url\":\"https:\/\/www.cotoblau.com\/\",\"name\":\"COTOBLAU\",\"description\":\"Expertos en descanso sostenible y de calidad.\",\"potentialAction\":[{\"@type\":\"SearchAction\",\"target\":{\"@type\":\"EntryPoint\",\"urlTemplate\":\"https:\/\/www.cotoblau.com\/?s={search_term_string}\"},\"query-input\":\"required name=search_term_string\"}],\"inLanguage\":\"es-VA\"},{\"@type\":\"WebPage\",\"@id\":\"https:\/\/www.cotoblau.com\/va\/avis-legal\/#webpage\",\"url\":\"https:\/\/www.cotoblau.com\/va\/avis-legal\/\",\"name\":\"Av\u00eds legal - COTOBLAU\",\"isPartOf\":{\"@id\":\"https:\/\/www.cotoblau.com\/#website\"},\"datePublished\":\"2023-10-20T08:58:54+00:00\",\"dateModified\":\"2023-10-20T13:33:30+00:00\",\"breadcrumb\":{\"@id\":\"https:\/\/www.cotoblau.com\/va\/avis-legal\/#breadcrumb\"},\"inLanguage\":\"es-VA\",\"potentialAction\":[{\"@type\":\"ReadAction\",\"target\":[\"https:\/\/www.cotoblau.com\/va\/avis-legal\/\"]}]},{\"@type\":\"BreadcrumbList\",\"@id\":\"https:\/\/www.cotoblau.com\/va\/avis-legal\/#breadcrumb\",\"itemListElement\":[{\"@type\":\"ListItem\",\"position\":1,\"name\":\"Portada\",\"item\":\"https:\/\/www.cotoblau.com\/\"},{\"@type\":\"ListItem\",\"position\":2,\"name\":\"Av\u00eds legal\"}]}]}<\/script>\n<!-- \/ Yoast SEO plugin. -->","yoast_head_json":{"title":"Av\u00eds legal - COTOBLAU","robots":{"index":"index","follow":"follow","max-snippet":"max-snippet:-1","max-image-preview":"max-image-preview:large","max-video-preview":"max-video-preview:-1"},"canonical":"https:\/\/www.cotoblau.com\/va\/avis-legal\/","og_locale":"es_ES","og_type":"article","og_title":"Av\u00eds legal - COTOBLAU","og_description":"En COTOBLAU, S. A. estem compromesos amb el respecte a la intimitat de l&#8217;usuari i per aix\u00f2 la nostra pol\u00edtica de protecci\u00f3 de les persones pel que fa al tractament de les seues dades personals, compleix amb el que s&#8217;estableix en la legislaci\u00f3 espanyola: Llei org\u00e0nica 15\/1999, de 13 de desembre, de Protecci\u00f3 de Dades [&hellip;]","og_url":"https:\/\/www.cotoblau.com\/va\/avis-legal\/","og_site_name":"COTOBLAU","article_modified_time":"2023-10-20T13:33:30+00:00","twitter_card":"summary_large_image","twitter_misc":{"Est. reading time":"2 minutes"},"schema":{"@context":"https:\/\/schema.org","@graph":[{"@type":"WebSite","@id":"https:\/\/www.cotoblau.com\/#website","url":"https:\/\/www.cotoblau.com\/","name":"COTOBLAU","description":"Expertos en descanso sostenible y de calidad.","potentialAction":[{"@type":"SearchAction","target":{"@type":"EntryPoint","urlTemplate":"https:\/\/www.cotoblau.com\/?s={search_term_string}"},"query-input":"required name=search_term_string"}],"inLanguage":"es-VA"},{"@type":"WebPage","@id":"https:\/\/www.cotoblau.com\/va\/avis-legal\/#webpage","url":"https:\/\/www.cotoblau.com\/va\/avis-legal\/","name":"Av\u00eds legal - COTOBLAU","isPartOf":{"@id":"https:\/\/www.cotoblau.com\/#website"},"datePublished":"2023-10-20T08:58:54+00:00","dateModified":"2023-10-20T13:33:30+00:00","breadcrumb":{"@id":"https:\/\/www.cotoblau.com\/va\/avis-legal\/#breadcrumb"},"inLanguage":"es-VA","potentialAction":[{"@type":"ReadAction","target":["https:\/\/www.cotoblau.com\/va\/avis-legal\/"]}]},{"@type":"BreadcrumbList","@id":"https:\/\/www.cotoblau.com\/va\/avis-legal\/#breadcrumb","itemListElement":[{"@type":"ListItem","position":1,"name":"Portada","item":"https:\/\/www.cotoblau.com\/"},{"@type":"ListItem","position":2,"name":"Av\u00eds legal"}]}]}},"_links":{"self":[{"href":"https:\/\/www.cotoblau.com\/va\/wp-json\/wp\/v2\/pages\/791\/"}],"collection":[{"href":"https:\/\/www.cotoblau.com\/va\/wp-json\/wp\/v2\/pages\/"}],"about":[{"href":"https:\/\/www.cotoblau.com\/va\/wp-json\/wp\/v2\/types\/page\/"}],"author":[{"embeddable":true,"href":"https:\/\/www.cotoblau.com\/va\/wp-json\/wp\/v2\/users\/1\/"}],"replies":[{"embeddable":true,"href":"https:\/\/www.cotoblau.com\/va\/wp-json\/wp\/v2\/comments\/?post=791"}],"version-history":[{"count":1,"href":"https:\/\/www.cotoblau.com\/va\/wp-json\/wp\/v2\/pages\/791\/revisions\/"}],"predecessor-version":[{"id":870,"href":"https:\/\/www.cotoblau.com\/va\/wp-json\/wp\/v2\/pages\/791\/revisions\/870\/"}],"wp:attachment":[{"href":"https:\/\/www.cotoblau.com\/va\/wp-json\/wp\/v2\/media\/?parent=791"}],"curies":[{"name":"wp","href":"https:\/\/api.w.org\/{rel}","templated":true}]}}