{"id":793,"date":"2023-10-20T10:59:59","date_gmt":"2023-10-20T08:59:59","guid":{"rendered":"https:\/\/www.cotoblau.com\/politica-de-privacitat\/"},"modified":"2023-11-22T09:52:16","modified_gmt":"2023-11-22T08:52:16","slug":"politica-de-privacitat","status":"publish","type":"page","link":"https:\/\/www.cotoblau.com\/va\/politica-privacitat\/","title":{"rendered":"Pol\u00edtica de privacitat"},"content":{"rendered":"<p>En compliment amb el que s&#8217;estableix en la Llei 34\/2002, d&#8217;11 de juliol, de Serveis de la Societat de la Informaci\u00f3 i de Comer\u00e7 Electr\u00f2nic, a continuaci\u00f3 s&#8217;indiquen les dades d&#8217;informaci\u00f3 general del lloc web www.cotopur.com<\/p>\n<p>Direcci\u00f3 del lloc: www.cotopur.com<\/p>\n<p>Nom titular:<\/p>\n<p>COTOBLAU, S.A.<br \/>\nC\/ L\u2019Agulla, 7 i 9<br \/>\nPoligon Industrial El Pla<br \/>\n46870 Ontinyent (VAL\u00c8NCIA) Spain<\/p>\n<p>Atenci\u00f3 al client: 902 023 376<\/p>\n<p>Els dissenys gr\u00e0fics, les imatges, els textos, aix\u00ed com la informaci\u00f3 i els continguts que es recullen en www.cotopur.com estan protegits per la legislaci\u00f3 espanyola sobre els drets de propietat intel\u00b7lectual i industrial a favor de COTOBLAU, S.A. i no es permet la reproducci\u00f3 i\/o publicaci\u00f3, total o parcial, del lloc web, ni el seu tractament inform\u00e0tic, la seua distribuci\u00f3, la seua difusi\u00f3, ni la seua modificaci\u00f3, transformaci\u00f3 o descompilaci\u00f3, ni altres drets reconeguts legalment al seu titular, sense el perm\u00eds previ i per escrit d&#8217;este.<br \/>\nSi opta a abandonar este lloc web a trav\u00e9s d&#8217;enlla\u00e7os a llocs web no pertanyents a la nostra entitat, COTOBLAU, S. A. no es far\u00e0 responsable del compliment de les obligacions legals d&#8217;aquests llocs web.<br \/>\nTotes les notificacions i comunicacions entre els usuaris i COTOBLAU, S. A. es consideraran efica\u00e7os, amb car\u00e0cter general, quan es realitzen a trav\u00e9s de correu postal o correu electr\u00f2nic.<\/p>\n<p><strong>PROTECCI\u00d3 DE DADES. INFORMACI\u00d3 AL DENUNCIANT<\/strong><\/p>\n<p><strong>Responsable del tractament.<\/strong><\/p>\n<p>De conformitat amb el que es disposa en la Llei 2\/2023, de 20 de febrer, reguladora de la protecci\u00f3 de les persones que informen sobre infraccions normatives i de lluita contra la corrupci\u00f3, aix\u00ed com el contemplat en el Reglament (UE) 2016\/679, General de Protecci\u00f3 de Dades i en la Llei org\u00e0nica de Protecci\u00f3 de Dades, 3\/2018 de 5 de desembre de 2018, COTOBLAU S.A. \u00e9s l&#8217;entitat responsable del tractament.<\/p>\n<p><strong>Categories de dades que es tracten i finalitat del tractament<\/strong><\/p>\n<p>Totes les dades personals els obtindrem de la informaci\u00f3 que vost\u00e9 ens aporte, entre els quals es podran trobar dades identificatives, dades de contacte, dades relatives al fet denunciat, etc., dades estrictament necess\u00e0ries per a la investigaci\u00f3, la qual cosa tamb\u00e9 podr\u00e0 incloure el tractament de dades especialment protegides per a donar curs a esta. Si la informaci\u00f3 rebuda continguera dades personals especialment protegides, es procedir\u00e0 a la seua immediata supressi\u00f3, sense que es procedisca al registre i tractament d&#8217;estos.<\/p>\n<p>Les dades seran tractades amb la finalitat de gestionar la den\u00fancia o consulta rebuda, als exclusius efectes de donar tr\u00e0mit a la mateixa i investigar els fets comunicats o resposta a la consulta plantejada.<\/p>\n<p>En cap cas seran objecte de tractament les dades personals que no siguen necessaris per al coneixement i investigaci\u00f3 de les accions u omissions denunciades o la resposta a la consulta pertinent, procedint-se, si \u00e9s el cas, a la seua immediata supressi\u00f3. Aix\u00ed mateix, se suprimiran totes aquelles dades personals que es puguen haver comunicat i que es referisquen a conductes que no estiguen incloses en l&#8217;\u00e0mbit d&#8217;aplicaci\u00f3 de la llei 2\/2023.<\/p>\n<p>En cas que opte per identificar-se com a denunciant, COTOBLAU S. A. garanteix la seua confidencialitat, per la qual cosa la tramitaci\u00f3 de la den\u00fancia s&#8217;efectuar\u00e0 preservant la seua identitat.<\/p>\n<p><strong>Legitimaci\u00f3 del tractament<\/strong><\/p>\n<p>El tractament de les seues dades t\u00e9 la seua base de legitimaci\u00f3 en el compliment d&#8217;una obligaci\u00f3 legal per part de COTOBLAU S.A., d&#8217;acord amb el que es disposa en l&#8217;article 30.2 de la Llei 2\/2023, de 20 de febrer, reguladora de la protecci\u00f3 de les persones que informen sobre infraccions normatives i de lluita contra la corrupci\u00f3.<\/p>\n<p><strong>Qui poden accedir a les dades?<\/strong><\/p>\n<p>L&#8217;acc\u00e9s a les dades facilitades quedar\u00e0 limitat exclusivament als qui, exercisquen les seg\u00fcents funcions per a COTOBLAU S.A.:<\/p>\n<p>a) El responsable del sistema i a qui el gestione directament.<br \/>\nb) El responsable de recursos humans o l&#8217;\u00f2rgan competent degudament designat, nom\u00e9s quan poguera procedir l&#8217;adopci\u00f3 de mesures disciplin\u00e0ries.<br \/>\nc) El responsable dels serveis jur\u00eddics de l&#8217;entitat o organisme, si procedira l&#8217;adopci\u00f3 de mesures legals en relaci\u00f3 amb els fets relatats en la comunicaci\u00f3.<br \/>\nd) Els encarregats del tractament que eventualment es designen.<br \/>\ne) El delegat de protecci\u00f3 de dades, en cas que s&#8217;haja nomenat un en l&#8217;organitzaci\u00f3.<\/p>\n<p>Addicionalment, les dades personals podran ser compartits amb altres entitats vinculades a COTOBLAU S.A., amb la finalitat de coordinar, gestionar i, si \u00e9s el cas, executar les accions i\/o mesures necess\u00e0ries per a la gesti\u00f3 i tractament de la den\u00fancia i, si \u00e9s el cas, la investigaci\u00f3 oberta en cada cas.<\/p>\n<p>Esta comunicaci\u00f3 de dades est\u00e0 emparada en l&#8217;inter\u00e9s leg\u00edtim de COTOBLAU S.A., consistent a donar correcte tr\u00e0mit a les den\u00fancies formulades, d&#8217;acord amb el Considerant 48 del RGPD. Exclusivament en cas que es detecte un il\u00b7l\u00edcit, les seues dades podran ser comunicats a tercers (Jutjats i Tribunals, Forces i Cossos de Seguretat o Administraci\u00f3 P\u00fablica), a fi de donar compliment a les corresponents obligacions legals.<\/p>\n<p><strong>Es realitzen transfer\u00e8ncies internacionals de dades o decisions automatitzades?<\/strong><\/p>\n<p>No est\u00e0 prevista la realitzaci\u00f3 de transfer\u00e8ncies internacionals de dades, no obstant l&#8217;anterior, en el cas que algun prove\u00efdor puga estar situat en pa\u00efsos situats fora de l&#8217;Espai Econ\u00f2mic Europeu (EEE) o, estant situades en EEE, compartisquen la informaci\u00f3 amb altres entitats situades fora d&#8217;aquest territori, es garanteix que les transfer\u00e8ncies es realitzen a pa\u00efsos respecte dels quals la Comissi\u00f3 Europea ha declarat que proporcionen un nivell de protecci\u00f3 equiparable a l&#8217;europeu.<\/p>\n<p><strong>Per quant temps es conserven les dades personals?<\/strong><\/p>\n<p>Les dades que siguen objecte de tractament podran conservar-se en el sistema durant el temps imprescindible per a decidir sobre la proced\u00e8ncia d&#8217;iniciar una investigaci\u00f3 sobre els fets informats. En tot cas, transcorreguts tres mesos des de la recepci\u00f3 de la comunicaci\u00f3 sense que s&#8217;hagueren iniciat actuacions d&#8217;investigaci\u00f3, es procedir\u00e0 a la supressi\u00f3 de les dades.<\/p>\n<p>A mode d&#8217;excepci\u00f3, les dades podran romandre en el canal sempre que la finalitat siga deixar evid\u00e8ncia del funcionament, sent les dades que es conservaran anonimitzats. Aix\u00ed, transcorregut el termini esmentat, les dades podran continuar sent tractats per l&#8217;\u00f2rgan al qual corresponga la investigaci\u00f3 dels fets denunciats.<\/p>\n<p><strong>Quins s\u00f3n els seus drets en mat\u00e8ria de protecci\u00f3 de dades i com pot exercitar-los?<\/strong><\/p>\n<p>Els drets que legalment li assisteixen i que podr\u00e0 exercitar, quan siga procedent, s\u00f3n els seg\u00fcents:<\/p>\n<p>Acc\u00e9s<br \/>\nPodr\u00e0 consultar les seues dades personals que estan sent objecte de tractament per COTOBLAU S.A.,<\/p>\n<p>Rectificaci\u00f3<br \/>\nPodr\u00e0 modificar les seues dades personals quan siguen inexactes o incomplets.<\/p>\n<p>Supressi\u00f3<br \/>\nPodr\u00e0 sol\u00b7licitar l&#8217;eliminaci\u00f3 de les seues dades personals.<\/p>\n<p>Oposici\u00f3<br \/>\nPodr\u00e0 sol\u00b7licitar que no es tracten les seues dades personals sobre la base de l&#8217;inter\u00e9s leg\u00edtim. Aix\u00ed mateix, podr\u00e0 oposar-se al fet que les seues dades personals siguen tractats amb finalitats de m\u00e0rqueting directe, inclusivament a l&#8217;elaboraci\u00f3 de perfils en la mesura en qu\u00e8 estiga relacionada amb aquest m\u00e0rqueting directe.<\/p>\n<p>Limitaci\u00f3 del tractament<\/p>\n<p>Podr\u00e0 sol\u00b7licitar la limitaci\u00f3 al tractament de les seues dades:<\/p>\n<ul>\n<li>Mentre es comprove la impugnaci\u00f3 de l&#8217;exactitud de les seues dades.<\/li>\n<li>Quan el tractament siga il\u00b7l\u00edcit, per\u00f2 vost\u00e9 s&#8217;opose a la supressi\u00f3 de les seues dades, i sol\u00b7licite la limitaci\u00f3 del seu \u00fas.<\/li>\n<li>Quan COTOBLAU S.A., ja no necessite tractar les seues dades, per\u00f2 vost\u00e9 els necessite per a l&#8217;exercici o la defensa de reclamacions.<\/li>\n<li>Quan vost\u00e9 s&#8217;haja oposat al tractament de les seues dades per al compliment d&#8217;una missi\u00f3 d&#8217;inter\u00e9s p\u00fablic o per a la satisfacci\u00f3 d&#8217;un inter\u00e9s leg\u00edtim, mentre es verifica si els motius leg\u00edtims per al tractament prevalen sobre els seus.<\/li>\n<\/ul>\n<p>No Decisions Automatitzades<br \/>\nPodr\u00e0 sol\u00b7licitar no ser objecte de decisions basades \u00fanicament en el tractament automatitzat de les seues dades.<\/p>\n<p>Retirar consentiment<br \/>\nPodr\u00e0 retirar en qualsevol moment, sense efecte retroactiu, el consentiment que vost\u00e9 haja prestat pr\u00e8viament per a autoritzar el tractament de les seues dades per a una finalitat determinada.<\/p>\n<p>Portabilitat<br \/>\nPodr\u00e0 rebre, en format electr\u00f2nic, les dades personals que ens haja facilitat, aix\u00ed com transmetre&#8217;ls a una altra entitat.<\/p>\n<p>Podr\u00e0 exercitar els esmentats drets a trav\u00e9s dels seg\u00fcents canals:<\/p>\n<ul>\n<li>Adre\u00e7a Postal: C\/ L\u2019Agulla, 7 P.I. El Pla 46870 Ontinyent (Val\u00e8ncia)<\/li>\n<li>Correu electr\u00f2nic: cotopur@cotopur.com<\/li>\n<\/ul>\n<p>En la seua comunicaci\u00f3, haur\u00e0 de constar com a refer\u00e8ncia \u201cSol\u00b7licitud Protecci\u00f3 de Dades-Exercici de drets\u201d. Com que estos s\u00f3n drets individuals, COTOBLAU S.A., ha de verificar que efectivament s\u00f3n exercits per l&#8217;interessat o persona autoritzada. Per aix\u00f2, si COTOBLAU S.A., tinguera dubtes sobre la seua identitat, podr\u00e0 sol\u00b7licitar-li informaci\u00f3 addicional per a confirmar la mateixa, com per exemple c\u00f2pia del seu document d&#8217;identitat, Passaport o document equivalent que li identifique. En el cas que exercisca els seus drets una persona autoritzada per l&#8217;interessat, haur\u00e0 d&#8217;evidenciar la identitat de l&#8217;autoritzat i aportar document que acredite aquesta autoritzaci\u00f3.<\/p>\n<p>Si considera que no hem tractat les seues dades personals adequadament pot contactar amb el Delegat de Protecci\u00f3 de Dades a trav\u00e9s dels canals abans indicats.<\/p>\n<p>En qualsevol cas, l&#8217;informem que, si considera que en el tractament de les seues dades personals s&#8217;ha com\u00e9s una infracci\u00f3 de la normativa aplicable en mat\u00e8ria de protecci\u00f3 de dades, tamb\u00e9 t\u00e9 dret a presentar una reclamaci\u00f3 davant l&#8217;Autoritat de Control competent (p. ex. Ag\u00e8ncia Espanyola de Protecci\u00f3 de Dades &#8211; <a href=\"https:\/\/www.aepd.es\/\" target=\"_blank\" rel=\"noopener\">www.aepd.es<\/a>).<\/p>\n","protected":false},"excerpt":{"rendered":"<p>En compliment amb el que s&#8217;estableix en la Llei 34\/2002, d&#8217;11 de juliol, de Serveis de la Societat de la Informaci\u00f3 i de Comer\u00e7 Electr\u00f2nic, a continuaci\u00f3 s&#8217;indiquen les dades d&#8217;informaci\u00f3 general del lloc web www.cotopur.com Direcci\u00f3 del lloc: www.cotopur.com Nom titular: COTOBLAU, S.A. C\/ L\u2019Agulla, 7 i 9 Poligon Industrial El Pla 46870 Ontinyent [&hellip;]<\/p>\n","protected":false},"author":1,"featured_media":0,"parent":0,"menu_order":0,"comment_status":"closed","ping_status":"closed","template":"page-institucional.php","meta":{"footnotes":""},"yoast_head":"<!-- This site is optimized with the Yoast SEO plugin v18.6 - https:\/\/yoast.com\/wordpress\/plugins\/seo\/ -->\n<title>Pol\u00edtica de privacitat - COTOBLAU<\/title>\n<meta name=\"robots\" content=\"index, follow, max-snippet:-1, max-image-preview:large, max-video-preview:-1\" \/>\n<link rel=\"canonical\" href=\"https:\/\/www.cotoblau.com\/va\/politica-privacitat\/\" \/>\n<meta property=\"og:locale\" content=\"es_ES\" \/>\n<meta property=\"og:type\" content=\"article\" \/>\n<meta property=\"og:title\" content=\"Pol\u00edtica de privacitat - COTOBLAU\" \/>\n<meta property=\"og:description\" content=\"En compliment amb el que s&#8217;estableix en la Llei 34\/2002, d&#8217;11 de juliol, de Serveis de la Societat de la Informaci\u00f3 i de Comer\u00e7 Electr\u00f2nic, a continuaci\u00f3 s&#8217;indiquen les dades d&#8217;informaci\u00f3 general del lloc web www.cotopur.com Direcci\u00f3 del lloc: www.cotopur.com Nom titular: COTOBLAU, S.A. C\/ L\u2019Agulla, 7 i 9 Poligon Industrial El Pla 46870 Ontinyent [&hellip;]\" \/>\n<meta property=\"og:url\" content=\"https:\/\/www.cotoblau.com\/va\/politica-privacitat\/\" \/>\n<meta property=\"og:site_name\" content=\"COTOBLAU\" \/>\n<meta property=\"article:modified_time\" content=\"2023-11-22T08:52:16+00:00\" \/>\n<meta name=\"twitter:card\" content=\"summary_large_image\" \/>\n<meta name=\"twitter:label1\" content=\"Est. reading time\" \/>\n\t<meta name=\"twitter:data1\" content=\"8 minutes\" \/>\n<script type=\"application\/ld+json\" class=\"yoast-schema-graph\">{\"@context\":\"https:\/\/schema.org\",\"@graph\":[{\"@type\":\"WebSite\",\"@id\":\"https:\/\/www.cotoblau.com\/#website\",\"url\":\"https:\/\/www.cotoblau.com\/\",\"name\":\"COTOBLAU\",\"description\":\"Expertos en descanso sostenible y de calidad.\",\"potentialAction\":[{\"@type\":\"SearchAction\",\"target\":{\"@type\":\"EntryPoint\",\"urlTemplate\":\"https:\/\/www.cotoblau.com\/?s={search_term_string}\"},\"query-input\":\"required name=search_term_string\"}],\"inLanguage\":\"es-VA\"},{\"@type\":\"WebPage\",\"@id\":\"https:\/\/www.cotoblau.com\/va\/politica-privacitat\/#webpage\",\"url\":\"https:\/\/www.cotoblau.com\/va\/politica-privacitat\/\",\"name\":\"Pol\u00edtica de privacitat - COTOBLAU\",\"isPartOf\":{\"@id\":\"https:\/\/www.cotoblau.com\/#website\"},\"datePublished\":\"2023-10-20T08:59:59+00:00\",\"dateModified\":\"2023-11-22T08:52:16+00:00\",\"breadcrumb\":{\"@id\":\"https:\/\/www.cotoblau.com\/va\/politica-privacitat\/#breadcrumb\"},\"inLanguage\":\"es-VA\",\"potentialAction\":[{\"@type\":\"ReadAction\",\"target\":[\"https:\/\/www.cotoblau.com\/va\/politica-privacitat\/\"]}]},{\"@type\":\"BreadcrumbList\",\"@id\":\"https:\/\/www.cotoblau.com\/va\/politica-privacitat\/#breadcrumb\",\"itemListElement\":[{\"@type\":\"ListItem\",\"position\":1,\"name\":\"Portada\",\"item\":\"https:\/\/www.cotoblau.com\/\"},{\"@type\":\"ListItem\",\"position\":2,\"name\":\"Pol\u00edtica de privacitat\"}]}]}<\/script>\n<!-- \/ Yoast SEO plugin. -->","yoast_head_json":{"title":"Pol\u00edtica de privacitat - COTOBLAU","robots":{"index":"index","follow":"follow","max-snippet":"max-snippet:-1","max-image-preview":"max-image-preview:large","max-video-preview":"max-video-preview:-1"},"canonical":"https:\/\/www.cotoblau.com\/va\/politica-privacitat\/","og_locale":"es_ES","og_type":"article","og_title":"Pol\u00edtica de privacitat - COTOBLAU","og_description":"En compliment amb el que s&#8217;estableix en la Llei 34\/2002, d&#8217;11 de juliol, de Serveis de la Societat de la Informaci\u00f3 i de Comer\u00e7 Electr\u00f2nic, a continuaci\u00f3 s&#8217;indiquen les dades d&#8217;informaci\u00f3 general del lloc web www.cotopur.com Direcci\u00f3 del lloc: www.cotopur.com Nom titular: COTOBLAU, S.A. C\/ L\u2019Agulla, 7 i 9 Poligon Industrial El Pla 46870 Ontinyent [&hellip;]","og_url":"https:\/\/www.cotoblau.com\/va\/politica-privacitat\/","og_site_name":"COTOBLAU","article_modified_time":"2023-11-22T08:52:16+00:00","twitter_card":"summary_large_image","twitter_misc":{"Est. reading time":"8 minutes"},"schema":{"@context":"https:\/\/schema.org","@graph":[{"@type":"WebSite","@id":"https:\/\/www.cotoblau.com\/#website","url":"https:\/\/www.cotoblau.com\/","name":"COTOBLAU","description":"Expertos en descanso sostenible y de calidad.","potentialAction":[{"@type":"SearchAction","target":{"@type":"EntryPoint","urlTemplate":"https:\/\/www.cotoblau.com\/?s={search_term_string}"},"query-input":"required name=search_term_string"}],"inLanguage":"es-VA"},{"@type":"WebPage","@id":"https:\/\/www.cotoblau.com\/va\/politica-privacitat\/#webpage","url":"https:\/\/www.cotoblau.com\/va\/politica-privacitat\/","name":"Pol\u00edtica de privacitat - COTOBLAU","isPartOf":{"@id":"https:\/\/www.cotoblau.com\/#website"},"datePublished":"2023-10-20T08:59:59+00:00","dateModified":"2023-11-22T08:52:16+00:00","breadcrumb":{"@id":"https:\/\/www.cotoblau.com\/va\/politica-privacitat\/#breadcrumb"},"inLanguage":"es-VA","potentialAction":[{"@type":"ReadAction","target":["https:\/\/www.cotoblau.com\/va\/politica-privacitat\/"]}]},{"@type":"BreadcrumbList","@id":"https:\/\/www.cotoblau.com\/va\/politica-privacitat\/#breadcrumb","itemListElement":[{"@type":"ListItem","position":1,"name":"Portada","item":"https:\/\/www.cotoblau.com\/"},{"@type":"ListItem","position":2,"name":"Pol\u00edtica de privacitat"}]}]}},"_links":{"self":[{"href":"https:\/\/www.cotoblau.com\/va\/wp-json\/wp\/v2\/pages\/793\/"}],"collection":[{"href":"https:\/\/www.cotoblau.com\/va\/wp-json\/wp\/v2\/pages\/"}],"about":[{"href":"https:\/\/www.cotoblau.com\/va\/wp-json\/wp\/v2\/types\/page\/"}],"author":[{"embeddable":true,"href":"https:\/\/www.cotoblau.com\/va\/wp-json\/wp\/v2\/users\/1\/"}],"replies":[{"embeddable":true,"href":"https:\/\/www.cotoblau.com\/va\/wp-json\/wp\/v2\/comments\/?post=793"}],"version-history":[{"count":5,"href":"https:\/\/www.cotoblau.com\/va\/wp-json\/wp\/v2\/pages\/793\/revisions\/"}],"predecessor-version":[{"id":1028,"href":"https:\/\/www.cotoblau.com\/va\/wp-json\/wp\/v2\/pages\/793\/revisions\/1028\/"}],"wp:attachment":[{"href":"https:\/\/www.cotoblau.com\/va\/wp-json\/wp\/v2\/media\/?parent=793"}],"curies":[{"name":"wp","href":"https:\/\/api.w.org\/{rel}","templated":true}]}}