{"id":936,"date":"2023-11-20T14:57:08","date_gmt":"2023-11-20T13:57:08","guid":{"rendered":"https:\/\/www.cotoblau.com\/?page_id=936"},"modified":"2023-11-21T09:59:34","modified_gmt":"2023-11-21T08:59:34","slug":"politica-del-sistema-intern-dinformacio","status":"publish","type":"page","link":"https:\/\/www.cotoblau.com\/va\/politica-del-sistema-intern-dinformacio\/","title":{"rendered":"Pol\u00edtica del Sistema Intern d&#8217;Informaci\u00f3"},"content":{"rendered":"<p><strong>COTOBLAU S.A,<\/strong> disposa d&#8217;un <strong>Sistema Intern d&#8217;Informaci\u00f3<\/strong>, dissenyat conforme als requisits exigits per la <em>Llei 2\/2023, reguladora de la protecci\u00f3 de les persones que informen sobre infraccions normatives i de lluita contra la corrupci\u00f3<\/em>.<\/p>\n<p>Aquest Sistema es troba habilitat per a comunicar, de manera segura, infraccions del Dret de la Uni\u00f3 Europea previstes en el art.2 de la citada Llei, infraccions penals o administratives greus o molt greus, aix\u00ed com possibles riscos o incompliments d&#8217;una altra norma interna.<\/p>\n<p><strong>COTOBLAU S.A,<\/strong> assumeix el comprom\u00eds de protegir les persones que realitzen estes comunicacions assegurant, en tot moment, una tramitaci\u00f3 diligent i el respecte de les seg\u00fcents garanties:<\/p>\n<ul>\n<li><strong>Confidencialitat<\/strong> de totes les persones involucrades en una comunicaci\u00f3, aix\u00ed com de totes les actuacions que es desenvolupen en la seua tramitaci\u00f3.<\/li>\n<li><strong>Abs\u00e8ncia de repres\u00e0lies<\/strong> contra les persones que comuniquen de bona fe.<\/li>\n<li><strong>Anonimat<\/strong>, sense necessitat de facilitar cap classe de dades tendents a la identificaci\u00f3 dels informants.<\/li>\n<li>Tractament de dades de car\u00e0cter personal conforme a la <strong>normativa vigent<\/strong>.<\/li>\n<li>Dret a la presumpci\u00f3 d&#8217;innoc\u00e8ncia i de defensa de la persona afectada per la comunicaci\u00f3.<\/li>\n<\/ul>\n<p>El Sistema Intern d&#8217;Informaci\u00f3 de <strong>COTOBLAU S.A,<\/strong> est\u00e0 accessible en la p\u00e0gina d&#8217;inici de la web corporativa i es compon dels seg\u00fcents <strong>elements<\/strong>:<\/p>\n<ul>\n<li>La present <strong>Pol\u00edtica del Sistema Intern d&#8217;Informaci\u00f3<\/strong>, aprovada sobre la base de la pol\u00edtica general aprovada per l&#8217;empresa dominant del grup d&#8217;empreses del qual forma part.<\/li>\n<li><strong>Canal intern de comunicaci\u00f3<\/strong>.<\/li>\n<li><strong>Canal extern<\/strong> gestionat per l&#8217;<strong>Autoritat Independent<\/strong>.<\/li>\n<li><strong>Responsable del Sistema d&#8217;Informaci\u00f3<\/strong>.<\/li>\n<li><strong>Procediment de Gesti\u00f3 d&#8217;Informacions<\/strong>: on es regula, detalladament, el funcionament del Sistema.<\/li>\n<\/ul>\n<p>&nbsp;<\/p>\n","protected":false},"excerpt":{"rendered":"<p>COTOBLAU S.A, disposa d&#8217;un Sistema Intern d&#8217;Informaci\u00f3, dissenyat conforme als requisits exigits per la Llei 2\/2023, reguladora de la protecci\u00f3 de les persones que informen sobre infraccions normatives i de lluita contra la corrupci\u00f3. Aquest Sistema es troba habilitat per a comunicar, de manera segura, infraccions del Dret de la Uni\u00f3 Europea previstes en el [&hellip;]<\/p>\n","protected":false},"author":7,"featured_media":0,"parent":0,"menu_order":0,"comment_status":"closed","ping_status":"closed","template":"page-institucional.php","meta":{"footnotes":""},"yoast_head":"<!-- This site is optimized with the Yoast SEO plugin v18.6 - https:\/\/yoast.com\/wordpress\/plugins\/seo\/ -->\n<title>Pol\u00edtica del Sistema Intern d&#039;Informaci\u00f3 - COTOBLAU<\/title>\n<meta name=\"robots\" content=\"index, follow, max-snippet:-1, max-image-preview:large, max-video-preview:-1\" \/>\n<link rel=\"canonical\" href=\"https:\/\/www.cotoblau.com\/va\/politica-del-sistema-intern-dinformacio\/\" \/>\n<meta property=\"og:locale\" content=\"es_ES\" \/>\n<meta property=\"og:type\" content=\"article\" \/>\n<meta property=\"og:title\" content=\"Pol\u00edtica del Sistema Intern d&#039;Informaci\u00f3 - COTOBLAU\" \/>\n<meta property=\"og:description\" content=\"COTOBLAU S.A, disposa d&#8217;un Sistema Intern d&#8217;Informaci\u00f3, dissenyat conforme als requisits exigits per la Llei 2\/2023, reguladora de la protecci\u00f3 de les persones que informen sobre infraccions normatives i de lluita contra la corrupci\u00f3. Aquest Sistema es troba habilitat per a comunicar, de manera segura, infraccions del Dret de la Uni\u00f3 Europea previstes en el [&hellip;]\" \/>\n<meta property=\"og:url\" content=\"https:\/\/www.cotoblau.com\/va\/politica-del-sistema-intern-dinformacio\/\" \/>\n<meta property=\"og:site_name\" content=\"COTOBLAU\" \/>\n<meta property=\"article:modified_time\" content=\"2023-11-21T08:59:34+00:00\" \/>\n<meta name=\"twitter:card\" content=\"summary_large_image\" \/>\n<meta name=\"twitter:label1\" content=\"Est. reading time\" \/>\n\t<meta name=\"twitter:data1\" content=\"1 minute\" \/>\n<script type=\"application\/ld+json\" class=\"yoast-schema-graph\">{\"@context\":\"https:\/\/schema.org\",\"@graph\":[{\"@type\":\"WebSite\",\"@id\":\"https:\/\/www.cotoblau.com\/#website\",\"url\":\"https:\/\/www.cotoblau.com\/\",\"name\":\"COTOBLAU\",\"description\":\"Expertos en descanso sostenible y de calidad.\",\"potentialAction\":[{\"@type\":\"SearchAction\",\"target\":{\"@type\":\"EntryPoint\",\"urlTemplate\":\"https:\/\/www.cotoblau.com\/?s={search_term_string}\"},\"query-input\":\"required name=search_term_string\"}],\"inLanguage\":\"es-VA\"},{\"@type\":\"WebPage\",\"@id\":\"https:\/\/www.cotoblau.com\/va\/politica-del-sistema-intern-dinformacio\/#webpage\",\"url\":\"https:\/\/www.cotoblau.com\/va\/politica-del-sistema-intern-dinformacio\/\",\"name\":\"Pol\u00edtica del Sistema Intern d'Informaci\u00f3 - COTOBLAU\",\"isPartOf\":{\"@id\":\"https:\/\/www.cotoblau.com\/#website\"},\"datePublished\":\"2023-11-20T13:57:08+00:00\",\"dateModified\":\"2023-11-21T08:59:34+00:00\",\"breadcrumb\":{\"@id\":\"https:\/\/www.cotoblau.com\/va\/politica-del-sistema-intern-dinformacio\/#breadcrumb\"},\"inLanguage\":\"es-VA\",\"potentialAction\":[{\"@type\":\"ReadAction\",\"target\":[\"https:\/\/www.cotoblau.com\/va\/politica-del-sistema-intern-dinformacio\/\"]}]},{\"@type\":\"BreadcrumbList\",\"@id\":\"https:\/\/www.cotoblau.com\/va\/politica-del-sistema-intern-dinformacio\/#breadcrumb\",\"itemListElement\":[{\"@type\":\"ListItem\",\"position\":1,\"name\":\"Portada\",\"item\":\"https:\/\/www.cotoblau.com\/\"},{\"@type\":\"ListItem\",\"position\":2,\"name\":\"Pol\u00edtica del Sistema Intern d&#8217;Informaci\u00f3\"}]}]}<\/script>\n<!-- \/ Yoast SEO plugin. -->","yoast_head_json":{"title":"Pol\u00edtica del Sistema Intern d'Informaci\u00f3 - COTOBLAU","robots":{"index":"index","follow":"follow","max-snippet":"max-snippet:-1","max-image-preview":"max-image-preview:large","max-video-preview":"max-video-preview:-1"},"canonical":"https:\/\/www.cotoblau.com\/va\/politica-del-sistema-intern-dinformacio\/","og_locale":"es_ES","og_type":"article","og_title":"Pol\u00edtica del Sistema Intern d'Informaci\u00f3 - COTOBLAU","og_description":"COTOBLAU S.A, disposa d&#8217;un Sistema Intern d&#8217;Informaci\u00f3, dissenyat conforme als requisits exigits per la Llei 2\/2023, reguladora de la protecci\u00f3 de les persones que informen sobre infraccions normatives i de lluita contra la corrupci\u00f3. Aquest Sistema es troba habilitat per a comunicar, de manera segura, infraccions del Dret de la Uni\u00f3 Europea previstes en el [&hellip;]","og_url":"https:\/\/www.cotoblau.com\/va\/politica-del-sistema-intern-dinformacio\/","og_site_name":"COTOBLAU","article_modified_time":"2023-11-21T08:59:34+00:00","twitter_card":"summary_large_image","twitter_misc":{"Est. reading time":"1 minute"},"schema":{"@context":"https:\/\/schema.org","@graph":[{"@type":"WebSite","@id":"https:\/\/www.cotoblau.com\/#website","url":"https:\/\/www.cotoblau.com\/","name":"COTOBLAU","description":"Expertos en descanso sostenible y de calidad.","potentialAction":[{"@type":"SearchAction","target":{"@type":"EntryPoint","urlTemplate":"https:\/\/www.cotoblau.com\/?s={search_term_string}"},"query-input":"required name=search_term_string"}],"inLanguage":"es-VA"},{"@type":"WebPage","@id":"https:\/\/www.cotoblau.com\/va\/politica-del-sistema-intern-dinformacio\/#webpage","url":"https:\/\/www.cotoblau.com\/va\/politica-del-sistema-intern-dinformacio\/","name":"Pol\u00edtica del Sistema Intern d'Informaci\u00f3 - COTOBLAU","isPartOf":{"@id":"https:\/\/www.cotoblau.com\/#website"},"datePublished":"2023-11-20T13:57:08+00:00","dateModified":"2023-11-21T08:59:34+00:00","breadcrumb":{"@id":"https:\/\/www.cotoblau.com\/va\/politica-del-sistema-intern-dinformacio\/#breadcrumb"},"inLanguage":"es-VA","potentialAction":[{"@type":"ReadAction","target":["https:\/\/www.cotoblau.com\/va\/politica-del-sistema-intern-dinformacio\/"]}]},{"@type":"BreadcrumbList","@id":"https:\/\/www.cotoblau.com\/va\/politica-del-sistema-intern-dinformacio\/#breadcrumb","itemListElement":[{"@type":"ListItem","position":1,"name":"Portada","item":"https:\/\/www.cotoblau.com\/"},{"@type":"ListItem","position":2,"name":"Pol\u00edtica del Sistema Intern d&#8217;Informaci\u00f3"}]}]}},"_links":{"self":[{"href":"https:\/\/www.cotoblau.com\/va\/wp-json\/wp\/v2\/pages\/936\/"}],"collection":[{"href":"https:\/\/www.cotoblau.com\/va\/wp-json\/wp\/v2\/pages\/"}],"about":[{"href":"https:\/\/www.cotoblau.com\/va\/wp-json\/wp\/v2\/types\/page\/"}],"author":[{"embeddable":true,"href":"https:\/\/www.cotoblau.com\/va\/wp-json\/wp\/v2\/users\/7\/"}],"replies":[{"embeddable":true,"href":"https:\/\/www.cotoblau.com\/va\/wp-json\/wp\/v2\/comments\/?post=936"}],"version-history":[{"count":1,"href":"https:\/\/www.cotoblau.com\/va\/wp-json\/wp\/v2\/pages\/936\/revisions\/"}],"predecessor-version":[{"id":937,"href":"https:\/\/www.cotoblau.com\/va\/wp-json\/wp\/v2\/pages\/936\/revisions\/937\/"}],"wp:attachment":[{"href":"https:\/\/www.cotoblau.com\/va\/wp-json\/wp\/v2\/media\/?parent=936"}],"curies":[{"name":"wp","href":"https:\/\/api.w.org\/{rel}","templated":true}]}}