{"id":941,"date":"2023-11-20T16:39:27","date_gmt":"2023-11-20T15:39:27","guid":{"rendered":"https:\/\/www.cotoblau.com\/?page_id=941"},"modified":"2023-11-21T16:11:52","modified_gmt":"2023-11-21T15:11:52","slug":"canal-etic","status":"publish","type":"page","link":"https:\/\/www.cotoblau.com\/va\/canal-etic\/","title":{"rendered":"Canal \u00e8tic"},"content":{"rendered":"<p>&nbsp;<\/p>\n<h1 class=\"tit-gsans-30-h3 institucional\">Canal \u00e8tic<\/h1>\n<p><strong><u>Canal Intern d&#8217;Informaci\u00f3 de COTOBLAU i Pol\u00edtica del Sistema Intern d&#8217;Informaci\u00f3<\/u><\/strong><\/p>\n<p>El Canal \u00e8tic, com a canal intern d&#8217;Informaci\u00f3 de <strong>COTOBLAU S.A.<\/strong> \u00e9s el canal preferent per a comunicar possibles infraccions comeses en un context laboral o professional, d&#8217;acord amb el que s&#8217;estableix en la Llei 2\/2023, de 20 de febrer, reguladora de la protecci\u00f3 de les persones que informen sobre infraccions normatives i de lluita contra la corrupci\u00f3.<\/p>\n<p>El citat Canal s&#8217;integra en el <strong>Sistema Intern d&#8217;Informaci\u00f3 (\u201cSII\u201d) de COTOBLAU S.A.<\/strong>, el qual \u00e9s gestionat conforme als principis generals establits en la nostra <strong>Pol\u00edtica del SII<\/strong>, que pot consultar <a href=\"..\/?page_id=936\" target=\"_blank\" rel=\"noopener\">ac\u00ed<\/a>.<\/p>\n<p><strong><u>Comunicacions al Canal Intern d&#8217;Informaci\u00f3 de COTOBLAU S.A.<\/u><\/strong><\/p>\n<p>Les comunicacions podran realitzar-se per qualsevol de les seg\u00fcents vies:<\/p>\n<ol>\n<li><strong>Utilitzant el formulari adjunt<\/strong>.<\/li>\n<li>Enviant una <strong>comunicaci\u00f3 escrita a l&#8217;atenci\u00f3 del responsable del Sistema Intern d&#8217;Informaci\u00f3 de COTOBLAU S.A<\/strong>., a la seg\u00fcent adre\u00e7a postal: COTOBLAU S.A. C\/ L\u2019Agulla, 7 P.I. El Pla, Ontinyent 46870 (Val\u00e8ncia)<\/li>\n<li>A sol\u00b7licitud de l&#8217;informant, realitzada per alguna de les vies identificades, la comunicaci\u00f3 tamb\u00e9 podr\u00e0 presentar-se sol\u00b7licitant una reuni\u00f3 presencial amb el Responsable del Sistema Intern d&#8217;Informaci\u00f3.<\/li>\n<\/ol>\n<p>Les comunicacions rebudes en el <strong>Canal Intern d&#8217;Informaci\u00f3 de COTOBLAU S.A.<\/strong> seran tramitades de manera que es garantisca la confidencialitat de l&#8217;informant. <strong>Les comunicacions podran realitzar-se de manera an\u00f2nima<\/strong>.<\/p>\n<p><strong>INTRODUEIX LES DADES DE LA TEUA DEN\u00daNCIA:<\/strong><\/p>\n<div class=\"wpforms-container wpforms-container-full wpforms-render-modern\" id=\"wpforms-999\"><form id=\"wpforms-form-999\" class=\"wpforms-validate wpforms-form wpforms-ajax-form\" data-formid=\"999\" method=\"post\" enctype=\"multipart\/form-data\" action=\"\/va\/wp-json\/wp\/v2\/pages\/941\/?wpforms_form_id=999\" data-token=\"f03221f2dfee9c835b187d8b0aec6847\"><noscript class=\"wpforms-error-noscript\">Please enable JavaScript in your browser to complete this form.<\/noscript><div class=\"wpforms-hidden\" id=\"wpforms-error-noscript\">Please enable JavaScript in your browser to complete this form.<\/div><div class=\"wpforms-field-container\"><div id=\"wpforms-999-field_1-container\" class=\"wpforms-field wpforms-field-layout\" data-field-id=\"1\"><label class=\"wpforms-field-label wpforms-label-hide\" for=\"wpforms-999-field_1\" aria-hidden=\"false\">Dise\u00f1o<\/label><div class=\"wpforms-field-layout-columns wpforms-field-layout-preset-50-50\"><div class=\"wpforms-layout-column wpforms-layout-column-50\"><div id=\"wpforms-999-field_2-container\" class=\"wpforms-field wpforms-field-select wpforms-field-select-style-modern\" data-field-id=\"2\"><label class=\"wpforms-field-label\" for=\"wpforms-999-field_2\">Relaci\u00f3 amb Cotoblau, S.A. <span class=\"wpforms-required-label\" aria-hidden=\"true\">*<\/span><\/label><select id=\"wpforms-999-field_2\" class=\"wpforms-field-medium wpforms-field-required choicesjs-select\" data-size-class=\"wpforms-field-row wpforms-field-medium\" data-search-enabled=\"\" name=\"wpforms[fields][2]\" required=\"required\"><option value=\"\" class=\"placeholder\" disabled  selected='selected'>Persona treballadora<\/option><option value=\"Persona treballadora\" >Persona treballadora<\/option><option value=\"Client\" >Client<\/option><option value=\"Prove\u00efdor\" >Prove\u00efdor<\/option><option value=\"Altres\" >Altres<\/option><\/select><\/div><div id=\"wpforms-999-field_4-container\" class=\"wpforms-field wpforms-field-text\" data-field-id=\"4\"><label class=\"wpforms-field-label\" for=\"wpforms-999-field_4\">Nom<\/label><input type=\"text\" id=\"wpforms-999-field_4\" class=\"wpforms-field-medium\" name=\"wpforms[fields][4]\" aria-errormessage=\"wpforms-999-field_4-error\" ><\/div><div id=\"wpforms-999-field_7-container\" class=\"wpforms-field wpforms-field-text\" data-field-id=\"7\"><label class=\"wpforms-field-label\" for=\"wpforms-999-field_7\">Email<\/label><input type=\"text\" id=\"wpforms-999-field_7\" class=\"wpforms-field-medium\" name=\"wpforms[fields][7]\" aria-errormessage=\"wpforms-999-field_7-error\" ><\/div><\/div><div class=\"wpforms-layout-column wpforms-layout-column-50\"><div id=\"wpforms-999-field_3-container\" class=\"wpforms-field wpforms-field-select wpforms-field-select-style-modern\" data-field-id=\"3\"><label class=\"wpforms-field-label\" for=\"wpforms-999-field_3\">Categoria dels fets <span class=\"wpforms-required-label\" aria-hidden=\"true\">*<\/span><\/label><select id=\"wpforms-999-field_3\" class=\"wpforms-field-medium wpforms-field-required choicesjs-select\" data-size-class=\"wpforms-field-row wpforms-field-medium\" data-search-enabled=\"\" name=\"wpforms[fields][3]\" required=\"required\"><option value=\"\" class=\"placeholder\" disabled  selected='selected'>Infraccions del dret de la Uni\u00f3 Europea<\/option><option value=\"Infraccions del dret de la Uni\u00f3 Europea\" >Infraccions del dret de la Uni\u00f3 Europea<\/option><option value=\"Infraccions penals o administratives\" >Infraccions penals o administratives<\/option><option value=\"Assetjament\" >Assetjament<\/option><option value=\"Altres\" >Altres<\/option><\/select><\/div><div id=\"wpforms-999-field_5-container\" class=\"wpforms-field wpforms-field-text\" data-field-id=\"5\"><label class=\"wpforms-field-label\" for=\"wpforms-999-field_5\">Cognoms<\/label><input type=\"text\" id=\"wpforms-999-field_5\" class=\"wpforms-field-medium\" name=\"wpforms[fields][5]\" aria-errormessage=\"wpforms-999-field_5-error\" ><\/div><div id=\"wpforms-999-field_6-container\" class=\"wpforms-field wpforms-field-phone\" data-field-id=\"6\"><label class=\"wpforms-field-label\" for=\"wpforms-999-field_6\">Tel\u00e8fon<\/label><input type=\"tel\" id=\"wpforms-999-field_6\" class=\"wpforms-field-medium wpforms-smart-phone-field\" data-rule-smart-phone-field=\"true\" name=\"wpforms[fields][6]\" aria-errormessage=\"wpforms-999-field_6-error\" ><\/div><\/div><\/div><\/div><div id=\"wpforms-999-field_8-container\" class=\"wpforms-field wpforms-field-textarea\" data-field-id=\"8\"><label class=\"wpforms-field-label\" for=\"wpforms-999-field_8\">Fets denunciats <span class=\"wpforms-required-label\" aria-hidden=\"true\">*<\/span><\/label><textarea id=\"wpforms-999-field_8\" class=\"wpforms-field-medium wpforms-field-required\" name=\"wpforms[fields][8]\" aria-errormessage=\"wpforms-999-field_8-error\" required><\/textarea><\/div><div id=\"wpforms-999-field_9-container\" class=\"wpforms-field wpforms-field-text\" data-field-id=\"9\"><label class=\"wpforms-field-label\" for=\"wpforms-999-field_9\">Possibles persones responsables<\/label><input type=\"text\" id=\"wpforms-999-field_9\" class=\"wpforms-field-medium\" name=\"wpforms[fields][9]\" aria-errormessage=\"wpforms-999-field_9-error\" ><\/div><div id=\"wpforms-999-field_10-container\" class=\"wpforms-field wpforms-field-file-upload\" data-field-id=\"10\"><label class=\"wpforms-field-label\" for=\"wpforms-999-field_10\">Documentaci\u00f3 adjunta<\/label><input type=\"file\" id=\"wpforms-999-field_10\" data-rule-extension=\"pdf,doc,docx,xls,xlsx,jpg,mp3,mp4\" data-rule-maxsize=\"2097152\" name=\"wpforms_999_10\" accept=\".pdf,.doc,.docx,.xls,.xlsx,.jpg,.mp3,.mp4\" aria-errormessage=\"wpforms-999-field_10-error\" ><\/div><div id=\"wpforms-999-field_11-container\" class=\"wpforms-field wpforms-field-checkbox\" data-field-id=\"11\"><fieldset><legend class=\"wpforms-field-label wpforms-label-hide\" aria-hidden=\"false\">Condicions <span class=\"wpforms-required-label\" aria-hidden=\"true\">*<\/span><\/legend><ul id=\"wpforms-999-field_11\" class=\"wpforms-field-required\"><li class=\"choice-1 depth-1\"><input type=\"checkbox\" id=\"wpforms-999-field_11_1\" name=\"wpforms[fields][11][]\" value=\"Accepte les condicions baix mencionades&lt;br&gt;&lt;br&gt;\u201cLes dades personals recollides en este formulari seran tractades per COTOBLAU S.A. d&#039;acord a la normativa vigent sobre protecci\u00f3 de dades, amb l&#039;\u00fanica finalitat d&#039;investigar, tramitar i en el seu cas resoldre el potencial incompliment comunicat a trav\u00e9s del Canal \u00c8tic. Les seues dades no seran comunicades a tercers. Podr\u00e0 exercir els seus drets de acces, rectificaci\u00f3, supressi\u00f3, oposici\u00f3 i limitaci\u00f3 de tractament davant el responsable del tractament. Recorde que abans d&#039;acceptar deur\u00e0 llegir la informaci\u00f3 addicional sobre &lt;a href=&quot;..\/?page_id=793&quot; target=&quot;_blank&quot; rel=&quot;noopener&quot;&gt;protecci\u00f3 de dades&lt;\/a&gt;&quot;.\" aria-errormessage=\"wpforms-999-field_11_1-error\" required ><label class=\"wpforms-field-label-inline\" for=\"wpforms-999-field_11_1\">Accepte les condicions baix mencionades<br><br>\u201cLes dades personals recollides en este formulari seran tractades per COTOBLAU S.A. d'acord a la normativa vigent sobre protecci\u00f3 de dades, amb l'\u00fanica finalitat d'investigar, tramitar i en el seu cas resoldre el potencial incompliment comunicat a trav\u00e9s del Canal \u00c8tic. Les seues dades no seran comunicades a tercers. Podr\u00e0 exercir els seus drets de acces, rectificaci\u00f3, supressi\u00f3, oposici\u00f3 i limitaci\u00f3 de tractament davant el responsable del tractament. Recorde que abans d'acceptar deur\u00e0 llegir la informaci\u00f3 addicional sobre <a href=\"..\/?page_id=793\" target=\"_blank\" rel=\"noopener\">protecci\u00f3 de dades<\/a>\".<\/label><\/li><\/ul><\/fieldset><\/div><\/div><!-- .wpforms-field-container --><div class=\"wpforms-recaptcha-container wpforms-is-recaptcha\" ><div class=\"g-recaptcha\" data-sitekey=\"6LdmJBcpAAAAAISYx-hdVH7sddOHftD2iXeMiyjb\"><\/div><input type=\"text\" name=\"g-recaptcha-hidden\" class=\"wpforms-recaptcha-hidden\" style=\"position:absolute!important;clip:rect(0,0,0,0)!important;height:1px!important;width:1px!important;border:0!important;overflow:hidden!important;padding:0!important;margin:0!important;\" data-rule-recaptcha=\"1\"><\/div><div class=\"wpforms-submit-container\" ><input type=\"hidden\" name=\"wpforms[id]\" value=\"999\"><input type=\"hidden\" name=\"wpforms[author]\" value=\"7\"><button type=\"submit\" name=\"wpforms[submit]\" id=\"wpforms-submit-999\" class=\"wpforms-submit\" data-alt-text=\"Enviant..\" data-submit-text=\"Enviar\" aria-live=\"assertive\" value=\"wpforms-submit\">Enviar<\/button><img loading=\"lazy\" decoding=\"async\" src=\"https:\/\/www.cotoblau.com\/wp-content\/plugins\/wpforms\/assets\/images\/submit-spin.svg\" class=\"wpforms-submit-spinner\" style=\"display: none;\" width=\"26\" height=\"26\" alt=\"Loading\"><\/div><\/form><\/div>  <!-- .wpforms-container -->\n","protected":false},"excerpt":{"rendered":"<p>&nbsp; Canal \u00e8tic Canal Intern d&#8217;Informaci\u00f3 de COTOBLAU i Pol\u00edtica del Sistema Intern d&#8217;Informaci\u00f3 El Canal \u00e8tic, com a canal intern d&#8217;Informaci\u00f3 de COTOBLAU S.A. \u00e9s el canal preferent per a comunicar possibles infraccions comeses en un context laboral o professional, d&#8217;acord amb el que s&#8217;estableix en la Llei 2\/2023, de 20 de febrer, reguladora [&hellip;]<\/p>\n","protected":false},"author":7,"featured_media":0,"parent":0,"menu_order":0,"comment_status":"closed","ping_status":"closed","template":"page-canal-etico.php","meta":{"footnotes":""},"yoast_head":"<!-- This site is optimized with the Yoast SEO plugin v18.6 - https:\/\/yoast.com\/wordpress\/plugins\/seo\/ -->\n<title>Canal \u00e8tic - COTOBLAU<\/title>\n<meta name=\"robots\" content=\"index, follow, max-snippet:-1, max-image-preview:large, max-video-preview:-1\" \/>\n<link rel=\"canonical\" href=\"https:\/\/www.cotoblau.com\/va\/canal-etic\/\" \/>\n<meta property=\"og:locale\" content=\"es_ES\" \/>\n<meta property=\"og:type\" content=\"article\" \/>\n<meta property=\"og:title\" content=\"Canal \u00e8tic - COTOBLAU\" \/>\n<meta property=\"og:description\" content=\"&nbsp; Canal \u00e8tic Canal Intern d&#8217;Informaci\u00f3 de COTOBLAU i Pol\u00edtica del Sistema Intern d&#8217;Informaci\u00f3 El Canal \u00e8tic, com a canal intern d&#8217;Informaci\u00f3 de COTOBLAU S.A. \u00e9s el canal preferent per a comunicar possibles infraccions comeses en un context laboral o professional, d&#8217;acord amb el que s&#8217;estableix en la Llei 2\/2023, de 20 de febrer, reguladora [&hellip;]\" \/>\n<meta property=\"og:url\" content=\"https:\/\/www.cotoblau.com\/va\/canal-etic\/\" \/>\n<meta property=\"og:site_name\" content=\"COTOBLAU\" \/>\n<meta property=\"article:modified_time\" content=\"2023-11-21T15:11:52+00:00\" \/>\n<meta name=\"twitter:card\" content=\"summary_large_image\" \/>\n<meta name=\"twitter:label1\" content=\"Est. reading time\" \/>\n\t<meta name=\"twitter:data1\" content=\"1 minute\" \/>\n<script type=\"application\/ld+json\" class=\"yoast-schema-graph\">{\"@context\":\"https:\/\/schema.org\",\"@graph\":[{\"@type\":\"WebSite\",\"@id\":\"https:\/\/www.cotoblau.com\/#website\",\"url\":\"https:\/\/www.cotoblau.com\/\",\"name\":\"COTOBLAU\",\"description\":\"Expertos en descanso sostenible y de calidad.\",\"potentialAction\":[{\"@type\":\"SearchAction\",\"target\":{\"@type\":\"EntryPoint\",\"urlTemplate\":\"https:\/\/www.cotoblau.com\/?s={search_term_string}\"},\"query-input\":\"required name=search_term_string\"}],\"inLanguage\":\"es-VA\"},{\"@type\":\"WebPage\",\"@id\":\"https:\/\/www.cotoblau.com\/va\/canal-etic\/#webpage\",\"url\":\"https:\/\/www.cotoblau.com\/va\/canal-etic\/\",\"name\":\"Canal \u00e8tic - COTOBLAU\",\"isPartOf\":{\"@id\":\"https:\/\/www.cotoblau.com\/#website\"},\"datePublished\":\"2023-11-20T15:39:27+00:00\",\"dateModified\":\"2023-11-21T15:11:52+00:00\",\"breadcrumb\":{\"@id\":\"https:\/\/www.cotoblau.com\/va\/canal-etic\/#breadcrumb\"},\"inLanguage\":\"es-VA\",\"potentialAction\":[{\"@type\":\"ReadAction\",\"target\":[\"https:\/\/www.cotoblau.com\/va\/canal-etic\/\"]}]},{\"@type\":\"BreadcrumbList\",\"@id\":\"https:\/\/www.cotoblau.com\/va\/canal-etic\/#breadcrumb\",\"itemListElement\":[{\"@type\":\"ListItem\",\"position\":1,\"name\":\"Portada\",\"item\":\"https:\/\/www.cotoblau.com\/\"},{\"@type\":\"ListItem\",\"position\":2,\"name\":\"Canal \u00e8tic\"}]}]}<\/script>\n<!-- \/ Yoast SEO plugin. -->","yoast_head_json":{"title":"Canal \u00e8tic - COTOBLAU","robots":{"index":"index","follow":"follow","max-snippet":"max-snippet:-1","max-image-preview":"max-image-preview:large","max-video-preview":"max-video-preview:-1"},"canonical":"https:\/\/www.cotoblau.com\/va\/canal-etic\/","og_locale":"es_ES","og_type":"article","og_title":"Canal \u00e8tic - COTOBLAU","og_description":"&nbsp; Canal \u00e8tic Canal Intern d&#8217;Informaci\u00f3 de COTOBLAU i Pol\u00edtica del Sistema Intern d&#8217;Informaci\u00f3 El Canal \u00e8tic, com a canal intern d&#8217;Informaci\u00f3 de COTOBLAU S.A. \u00e9s el canal preferent per a comunicar possibles infraccions comeses en un context laboral o professional, d&#8217;acord amb el que s&#8217;estableix en la Llei 2\/2023, de 20 de febrer, reguladora [&hellip;]","og_url":"https:\/\/www.cotoblau.com\/va\/canal-etic\/","og_site_name":"COTOBLAU","article_modified_time":"2023-11-21T15:11:52+00:00","twitter_card":"summary_large_image","twitter_misc":{"Est. reading time":"1 minute"},"schema":{"@context":"https:\/\/schema.org","@graph":[{"@type":"WebSite","@id":"https:\/\/www.cotoblau.com\/#website","url":"https:\/\/www.cotoblau.com\/","name":"COTOBLAU","description":"Expertos en descanso sostenible y de calidad.","potentialAction":[{"@type":"SearchAction","target":{"@type":"EntryPoint","urlTemplate":"https:\/\/www.cotoblau.com\/?s={search_term_string}"},"query-input":"required name=search_term_string"}],"inLanguage":"es-VA"},{"@type":"WebPage","@id":"https:\/\/www.cotoblau.com\/va\/canal-etic\/#webpage","url":"https:\/\/www.cotoblau.com\/va\/canal-etic\/","name":"Canal \u00e8tic - COTOBLAU","isPartOf":{"@id":"https:\/\/www.cotoblau.com\/#website"},"datePublished":"2023-11-20T15:39:27+00:00","dateModified":"2023-11-21T15:11:52+00:00","breadcrumb":{"@id":"https:\/\/www.cotoblau.com\/va\/canal-etic\/#breadcrumb"},"inLanguage":"es-VA","potentialAction":[{"@type":"ReadAction","target":["https:\/\/www.cotoblau.com\/va\/canal-etic\/"]}]},{"@type":"BreadcrumbList","@id":"https:\/\/www.cotoblau.com\/va\/canal-etic\/#breadcrumb","itemListElement":[{"@type":"ListItem","position":1,"name":"Portada","item":"https:\/\/www.cotoblau.com\/"},{"@type":"ListItem","position":2,"name":"Canal \u00e8tic"}]}]}},"_links":{"self":[{"href":"https:\/\/www.cotoblau.com\/va\/wp-json\/wp\/v2\/pages\/941\/"}],"collection":[{"href":"https:\/\/www.cotoblau.com\/va\/wp-json\/wp\/v2\/pages\/"}],"about":[{"href":"https:\/\/www.cotoblau.com\/va\/wp-json\/wp\/v2\/types\/page\/"}],"author":[{"embeddable":true,"href":"https:\/\/www.cotoblau.com\/va\/wp-json\/wp\/v2\/users\/7\/"}],"replies":[{"embeddable":true,"href":"https:\/\/www.cotoblau.com\/va\/wp-json\/wp\/v2\/comments\/?post=941"}],"version-history":[{"count":8,"href":"https:\/\/www.cotoblau.com\/va\/wp-json\/wp\/v2\/pages\/941\/revisions\/"}],"predecessor-version":[{"id":1004,"href":"https:\/\/www.cotoblau.com\/va\/wp-json\/wp\/v2\/pages\/941\/revisions\/1004\/"}],"wp:attachment":[{"href":"https:\/\/www.cotoblau.com\/va\/wp-json\/wp\/v2\/media\/?parent=941"}],"curies":[{"name":"wp","href":"https:\/\/api.w.org\/{rel}","templated":true}]}}